{"id":968,"date":"2018-08-29T16:10:46","date_gmt":"2018-08-29T19:10:46","guid":{"rendered":"https:\/\/isfd186-bue.infd.edu.ar\/sitio\/resoluciones-y-comunicados\/"},"modified":"2024-12-17T13:48:35","modified_gmt":"2024-12-17T16:48:35","slug":"resoluciones-y-comunicados","status":"publish","type":"page","link":"https:\/\/isfd186-bue.infd.edu.ar\/sitio\/resoluciones-y-comunicados\/","title":{"rendered":"Normativas: Leyes y Resoluciones"},"content":{"rendered":"<table id=\"table3\" style=\"width: 761px; background-color: #e3e8e4; height: 143px;\" border=\"0\" cellspacing=\"0\" cellpadding=\"10\">\n<tbody>\n<tr>\n<td style=\"border: 1px solid; text-align: left;\">\n<ul>\n<li><a href=\"https:\/\/isfd186-bue.infd.edu.ar\/sitio\/wp-content\/uploads\/2024\/12\/RESOLUCION-4196-24-RAM.pdf\" target=\"_blank\" rel=\"noopener\">Resoluci\u00f3n\u00a0 4196-24 <\/a>&#8211; R\u00e9gimen Acad\u00e9mico Marco Jurisdiccional<\/li>\n<li><a href=\"https:\/\/isfd186-bue.infd.edu.ar\/sitio\/wp-content\/uploads\/2024\/04\/RSC-2023-52216278-GDEBA-DGCYE.pdf\" target=\"_blank\" rel=\"noopener\">Resoluci\u00f3n <\/a><span lang=\"es\">RSC-2023-52216278 : R\u00e9gimen de Correlatividades Profesorados<\/span><\/li>\n<li><a href=\"https:\/\/isfd186-bue.infd.edu.ar\/sitio\/wp-content\/uploads\/2024\/04\/Comunicacion-No109_23.pdf\" target=\"_blank\" rel=\"noopener\">Comunicaci\u00f3n 109\/23<\/a> &#8211; R\u00e9gimen de Correlatividades<\/li>\n<li><a href=\"https:\/\/isfd186-bue.infd.edu.ar\/sitio\/wp-content\/uploads\/2020\/05\/Resoluci%C3%B3n-4044-09-CAI.pdf\" target=\"_blank\" rel=\"noopener\">Resoluci\u00f3n\u00a0 4044\/09<\/a> &#8211; Marco Normativo CAI<\/li>\n<li><a href=\"https:\/\/isfd186-bue.infd.edu.ar\/sitio\/wp-content\/uploads\/sitio\/Reglamento_de_Institutos_Superiores_Resolucion_N_2383.pdf\">Resoluci\u00f3n\u00a0 2383\/05<\/a> &#8211; Reglamento de Institutos Superiores<\/li>\n<li><a href=\"https:\/\/isfd186-bue.infd.edu.ar\/sitio\/wp-content\/uploads\/2020\/05\/Resolucion-1639-17-Modificaciones-al-Reglamento-Marco-de-Institutos-Superiores.pdf\" target=\"_blank\" rel=\"noopener\">Resoluci\u00f3n\u00a0 1639\/17<\/a> &#8211; Modificaciones\u00a0 al Reglamento Marco de Institutos Superiores<\/li>\n<li><a href=\"https:\/\/isfd186-bue.infd.edu.ar\/sitio\/wp-content\/uploads\/2021\/10\/RESOLUCION-5886-03.pdf\">Resoluci\u00f3n\u00a0 5886\/03<\/a> &#8211; Cobertura de C\u00e1tedras<\/li>\n<li><a href=\"https:\/\/isfd186-bue.infd.edu.ar\/sitio\/wp-content\/uploads\/2021\/10\/ANEXO_III.pdf\">ANEXO III<\/a> \u00a0&#8211;\u00a0 Declaraci\u00f3n Jurada<\/li>\n<li><a href=\"https:\/\/isfd186-bue.infd.edu.ar\/sitio\/wp-content\/uploads\/2021\/10\/DISPOSICION_30.pdf\">Disposici\u00f3n 30<\/a> &#8211;\u00a0 Proyecto de C\u00e1tedra<\/li>\n<li><a href=\"https:\/\/isfd186-bue.infd.edu.ar\/sitio\/wp-content\/uploads\/2021\/10\/GUIA-CONCURSOS-DE-CATEDRAS.pdf\">Gu\u00eda para la presentaci\u00f3n de Proyectos<\/a> &#8211; Documento Institucional orientativo<\/li>\n<\/ul>\n<\/td>\n<\/tr>\n<\/tbody>\n<\/table>\n","protected":false},"excerpt":{"rendered":"<p>Resoluci\u00f3n\u00a0 4196-24 &#8211; R\u00e9gimen Acad\u00e9mico Marco Jurisdiccional Resoluci\u00f3n RSC-2023-52216278 : R\u00e9gimen de Correlatividades Profesorados Comunicaci\u00f3n 109\/23 &#8211; R\u00e9gimen de Correlatividades Resoluci\u00f3n\u00a0 4044\/09 &#8211; Marco Normativo CAI Resoluci\u00f3n\u00a0 2383\/05 &#8211; Reglamento de Institutos Superiores Resoluci\u00f3n\u00a0 1639\/17 &#8211; Modificaciones\u00a0 al Reglamento Marco de Institutos Superiores Resoluci\u00f3n\u00a0 5886\/03 &#8211; Cobertura de C\u00e1tedras ANEXO III \u00a0&#8211;\u00a0 Declaraci\u00f3n Jurada Disposici\u00f3n &#8230; <a title=\"Normativas: Leyes y Resoluciones\" class=\"read-more\" href=\"https:\/\/isfd186-bue.infd.edu.ar\/sitio\/resoluciones-y-comunicados\/\" aria-label=\"More on Normativas: Leyes y Resoluciones\">[+]<\/a><\/p>\n","protected":false},"author":1018,"featured_media":0,"parent":0,"menu_order":0,"comment_status":"closed","ping_status":"closed","template":"","meta":[],"acf":[],"_links":{"self":[{"href":"https:\/\/isfd186-bue.infd.edu.ar\/sitio\/wp-json\/wp\/v2\/pages\/968"}],"collection":[{"href":"https:\/\/isfd186-bue.infd.edu.ar\/sitio\/wp-json\/wp\/v2\/pages"}],"about":[{"href":"https:\/\/isfd186-bue.infd.edu.ar\/sitio\/wp-json\/wp\/v2\/types\/page"}],"author":[{"embeddable":true,"href":"https:\/\/isfd186-bue.infd.edu.ar\/sitio\/wp-json\/wp\/v2\/users\/1018"}],"replies":[{"embeddable":true,"href":"https:\/\/isfd186-bue.infd.edu.ar\/sitio\/wp-json\/wp\/v2\/comments?post=968"}],"version-history":[{"count":20,"href":"https:\/\/isfd186-bue.infd.edu.ar\/sitio\/wp-json\/wp\/v2\/pages\/968\/revisions"}],"predecessor-version":[{"id":8792,"href":"https:\/\/isfd186-bue.infd.edu.ar\/sitio\/wp-json\/wp\/v2\/pages\/968\/revisions\/8792"}],"wp:attachment":[{"href":"https:\/\/isfd186-bue.infd.edu.ar\/sitio\/wp-json\/wp\/v2\/media?parent=968"}],"curies":[{"name":"wp","href":"https:\/\/api.w.org\/{rel}","templated":true}]}}