{"id":966,"date":"2018-08-29T16:10:46","date_gmt":"2018-08-29T19:10:46","guid":{"rendered":"https:\/\/isfd186-bue.infd.edu.ar\/sitio\/ingreso-con-pase\/"},"modified":"2024-09-26T16:52:46","modified_gmt":"2024-09-26T19:52:46","slug":"ingreso-con-pase","status":"publish","type":"page","link":"https:\/\/isfd186-bue.infd.edu.ar\/sitio\/ingreso-con-pase\/","title":{"rendered":"Ingreso con pase"},"content":{"rendered":"<table id=\"table4\" style=\"width: 750px; background-color: #e3e8e4;\" border=\"0\" cellspacing=\"0\" cellpadding=\"10\">\n<tbody>\n<tr>\n<td style=\"border: 1px solid; text-align: left;\">\n<h3>Requisitos para solicitar pase:<\/h3>\n<ul>\n<li style=\"font-size: 12pt;\"><span style=\"font-size: 12pt;\">Debe provenir de otro ISFD que tenga la misma resoluci\u00f3n con la que se rige este Instituto.<\/span><\/li>\n<li style=\"font-size: 12pt;\"><span style=\"font-size: 12pt;\">Deber\u00e1 presentar Certificado de Anal\u00edtico Incompleto (original) donde consten las materias cursadas y acreditadas, antes de su ingreso al aula.<\/span><\/li>\n<li style=\"font-size: 12pt;\"><span style=\"font-size: 12pt;\">Solicitud de ingreso.<\/span><\/li>\n<li style=\"font-size: 12pt;\"><span style=\"font-size: 12pt;\">Fotocopia de documento (presentarse con el original).<\/span><\/li>\n<li style=\"font-size: 12pt;\"><span style=\"font-size: 12pt;\">Fotocopia de t\u00edtulo secundario (presentarse con el original).<\/span><\/li>\n<li style=\"font-size: 12pt;\"><span style=\"font-size: 12pt;\">3 fotos carnet.<\/span><\/li>\n<li style=\"font-size: 12pt;\"><span style=\"font-size: 12pt;\">Certificado de buena salud.<\/span><\/li>\n<li style=\"font-size: 12pt;\"><span style=\"font-size: 12pt;\">1 folio oficio.<\/span><\/li>\n<\/ul>\n<\/td>\n<\/tr>\n<\/tbody>\n<\/table>\n","protected":false},"excerpt":{"rendered":"<p>Requisitos para solicitar pase: Debe provenir de otro ISFD que tenga la misma resoluci\u00f3n con la que se rige este Instituto. Deber\u00e1 presentar Certificado de Anal\u00edtico Incompleto (original) donde consten las materias cursadas y acreditadas, antes de su ingreso al aula. Solicitud de ingreso. Fotocopia de documento (presentarse con el original). Fotocopia de t\u00edtulo secundario &#8230; <a title=\"Ingreso con pase\" class=\"read-more\" href=\"https:\/\/isfd186-bue.infd.edu.ar\/sitio\/ingreso-con-pase\/\" aria-label=\"More on Ingreso con pase\">[+]<\/a><\/p>\n","protected":false},"author":1018,"featured_media":0,"parent":0,"menu_order":0,"comment_status":"closed","ping_status":"closed","template":"","meta":[],"acf":[],"_links":{"self":[{"href":"https:\/\/isfd186-bue.infd.edu.ar\/sitio\/wp-json\/wp\/v2\/pages\/966"}],"collection":[{"href":"https:\/\/isfd186-bue.infd.edu.ar\/sitio\/wp-json\/wp\/v2\/pages"}],"about":[{"href":"https:\/\/isfd186-bue.infd.edu.ar\/sitio\/wp-json\/wp\/v2\/types\/page"}],"author":[{"embeddable":true,"href":"https:\/\/isfd186-bue.infd.edu.ar\/sitio\/wp-json\/wp\/v2\/users\/1018"}],"replies":[{"embeddable":true,"href":"https:\/\/isfd186-bue.infd.edu.ar\/sitio\/wp-json\/wp\/v2\/comments?post=966"}],"version-history":[{"count":2,"href":"https:\/\/isfd186-bue.infd.edu.ar\/sitio\/wp-json\/wp\/v2\/pages\/966\/revisions"}],"predecessor-version":[{"id":8321,"href":"https:\/\/isfd186-bue.infd.edu.ar\/sitio\/wp-json\/wp\/v2\/pages\/966\/revisions\/8321"}],"wp:attachment":[{"href":"https:\/\/isfd186-bue.infd.edu.ar\/sitio\/wp-json\/wp\/v2\/media?parent=966"}],"curies":[{"name":"wp","href":"https:\/\/api.w.org\/{rel}","templated":true}]}}