{"id":964,"date":"2018-08-29T16:10:45","date_gmt":"2018-08-29T19:10:45","guid":{"rendered":"https:\/\/isfd186-bue.infd.edu.ar\/sitio\/requisitos-para-cursar-la-practica-docente\/"},"modified":"2024-09-26T16:58:34","modified_gmt":"2024-09-26T19:58:34","slug":"requisitos-para-cursar-la-practica-docente","status":"publish","type":"page","link":"https:\/\/isfd186-bue.infd.edu.ar\/sitio\/requisitos-para-cursar-la-practica-docente\/","title":{"rendered":"Requisitos para cursar la Pr\u00e1ctica Docente"},"content":{"rendered":"<table id=\"table4\" style=\"width: 817px; background-color: #e3e8e4; height: 703px;\" border=\"0\" cellspacing=\"0\" cellpadding=\"10\">\n<tbody>\n<tr>\n<td style=\"border: 1px solid; text-align: left;\">\n<h2>Pr\u00e1ctica Docente II (Dise\u00f1os anteriores al 2017)<\/h2>\n<ul>\n<li><span style=\"font-size: 12pt;\">Tener todas las cursadas aprobadas de 1\u00b0\u00a0 a\u00f1o.<\/span><\/li>\n<li><span style=\"font-size: 12pt;\">Aptitud Fonoaudiol\u00f3gica aprobada.<\/span><\/li>\n<\/ul>\n<h2>Pr\u00e1ctica Docente III (Dise\u00f1os anteriores al 2017)<\/h2>\n<ul>\n<li style=\"font-size: 12pt;\"><span style=\"font-size: 12pt;\">Todas las cursadas aprobadas de 1\u00b0 y 2\u00ba a\u00f1o.<\/span><\/li>\n<\/ul>\n<h2>Pr\u00e1ctica Docente IV (Dise\u00f1os anteriores al 2017)<\/h2>\n<ul>\n<li><span style=\"font-size: 12pt;\">Todas las materias <strong>acreditadas<\/strong> de 1\u00b0 a\u00f1o.<\/span><\/li>\n<li style=\"font-size: 12pt;\"><span style=\"font-size: 12pt;\">Tener todas las cursadas de 2\u00ba y 3\u00b0 a\u00f1o aprobadas.<\/span><\/li>\n<\/ul>\n<h2>Pr\u00e1ctica Docente II (Dise\u00f1os 2017)<\/h2>\n<ul>\n<li>Cursada aprobada: <strong>El Trabajo Docente: complejidades y entramados<\/strong><\/li>\n<\/ul>\n<h2>Pr\u00e1ctica Docente III (Dise\u00f1os 2017)<\/h2>\n<ul>\n<li><span style=\"font-size: 12pt;\">Todas las cursadas aprobadas de 1\u00b0 a\u00f1o.<\/span><\/li>\n<li><span style=\"font-size: 12pt;\">Cursadas aprobada de 2\u00ba a\u00f1o : <strong>La construcci\u00f3n del Trabajo Docente en la <\/strong><strong>Escuela Secundaria.<\/strong><\/span><\/li>\n<li>Cursada aprobada de 2\u00ba a\u00f1o (s\u00f3lo Profesorado de Ingl\u00e9s): <strong style=\"font-size: inherit; font-family: inherit;\">Fundamentos de la Ense\u00f1anza y Aprendizaje del Ingl\u00e9s I<\/strong><\/li>\n<li>Aptitud fonoaudiol\u00f3gica aprobada.<\/li>\n<\/ul>\n<h2>Pr\u00e1ctica Docente IV (Dise\u00f1os 2017)<\/h2>\n<ul>\n<li><span style=\"font-size: 12pt;\">Todas las materias <strong>acreditadas<\/strong> de 1\u00b0 a\u00f1o.<\/span><\/li>\n<li><span style=\"font-size: 12pt;\">Todas las cursadas aprobadas de 2\u00b0 a\u00f1o.<\/span><\/li>\n<li>Cursada aprobada de 3\u00ba a\u00f1o:<strong style=\"font-size: inherit; font-family: inherit;\"> La construcci\u00f3n de la Tarea Docente espec\u00edfica en la ense\u00f1anza del nivel<\/strong><\/li>\n<li>Cursada aprobada de 3\u00ba a\u00f1o (s\u00f3lo Profesorado de Ingl\u00e9s): <strong style=\"font-size: inherit; font-family: inherit;\">Fundamentos de la Ense\u00f1anza y Aprendizaje del Ingl\u00e9s II<\/strong><\/li>\n<\/ul>\n<\/td>\n<\/tr>\n<\/tbody>\n<\/table>\n\n\n<p><\/p>\n","protected":false},"excerpt":{"rendered":"<p>Pr\u00e1ctica Docente II (Dise\u00f1os anteriores al 2017) Tener todas las cursadas aprobadas de 1\u00b0\u00a0 a\u00f1o. Aptitud Fonoaudiol\u00f3gica aprobada. Pr\u00e1ctica Docente III (Dise\u00f1os anteriores al 2017) Todas las cursadas aprobadas de 1\u00b0 y 2\u00ba a\u00f1o. Pr\u00e1ctica Docente IV (Dise\u00f1os anteriores al 2017) Todas las materias acreditadas de 1\u00b0 a\u00f1o. Tener todas las cursadas de 2\u00ba y &#8230; <a title=\"Requisitos para cursar la Pr\u00e1ctica Docente\" class=\"read-more\" href=\"https:\/\/isfd186-bue.infd.edu.ar\/sitio\/requisitos-para-cursar-la-practica-docente\/\" aria-label=\"More on Requisitos para cursar la Pr\u00e1ctica Docente\">[+]<\/a><\/p>\n","protected":false},"author":1018,"featured_media":0,"parent":0,"menu_order":0,"comment_status":"closed","ping_status":"closed","template":"","meta":[],"acf":[],"_links":{"self":[{"href":"https:\/\/isfd186-bue.infd.edu.ar\/sitio\/wp-json\/wp\/v2\/pages\/964"}],"collection":[{"href":"https:\/\/isfd186-bue.infd.edu.ar\/sitio\/wp-json\/wp\/v2\/pages"}],"about":[{"href":"https:\/\/isfd186-bue.infd.edu.ar\/sitio\/wp-json\/wp\/v2\/types\/page"}],"author":[{"embeddable":true,"href":"https:\/\/isfd186-bue.infd.edu.ar\/sitio\/wp-json\/wp\/v2\/users\/1018"}],"replies":[{"embeddable":true,"href":"https:\/\/isfd186-bue.infd.edu.ar\/sitio\/wp-json\/wp\/v2\/comments?post=964"}],"version-history":[{"count":8,"href":"https:\/\/isfd186-bue.infd.edu.ar\/sitio\/wp-json\/wp\/v2\/pages\/964\/revisions"}],"predecessor-version":[{"id":8328,"href":"https:\/\/isfd186-bue.infd.edu.ar\/sitio\/wp-json\/wp\/v2\/pages\/964\/revisions\/8328"}],"wp:attachment":[{"href":"https:\/\/isfd186-bue.infd.edu.ar\/sitio\/wp-json\/wp\/v2\/media?parent=964"}],"curies":[{"name":"wp","href":"https:\/\/api.w.org\/{rel}","templated":true}]}}