{"id":962,"date":"2018-08-29T16:10:44","date_gmt":"2018-08-29T19:10:44","guid":{"rendered":"https:\/\/isfd186-bue.infd.edu.ar\/sitio\/permanencia\/"},"modified":"2025-02-28T20:10:45","modified_gmt":"2025-02-28T23:10:45","slug":"permanencia","status":"publish","type":"page","link":"https:\/\/isfd186-bue.infd.edu.ar\/sitio\/permanencia\/","title":{"rendered":"Permanencia &#8211; Asistencia"},"content":{"rendered":"<table id=\"table4\" style=\"width: 750px; background-color: #e3e8e4;\" border=\"0\" cellspacing=\"0\" cellpadding=\"10\">\n<tbody>\n<tr>\n<td style=\"border: 1px solid; text-align: left;\">\n<h1>Aclaraci\u00f3n<\/h1>\n<p><span style=\"font-size: 12pt;\">Las trayectorias que las y los estudiantes realicen implica el cumplimiento de condiciones acad\u00e9micas necesarias para la aprobaci\u00f3n de las cursadas y acreditaci\u00f3n de las unidades curriculares que constituyen el plan de estudio. El \u00fanico requisito para cursar unidades curriculares es que se respeten las condiciones de correlatividades definidas en los dise\u00f1os<\/span><\/p>\n<h2>Es condici\u00f3n para la permanencia como :<\/h2>\n<p>\u25cf <strong>Estudiante regular<\/strong> es quien, desde el momento de su inscripci\u00f3n en un Instituto, se<br \/>\nencuentra cursando al menos una unidad curricular o ha aprobado o acreditado<br \/>\nuna unidad curricular en los \u00faltimos seis meses.<\/p>\n<p>\u25cf <strong>Estudiante itinerante<\/strong> es quien cursa como estudiante regular en un Instituto y, al<br \/>\nmismo tiempo, cursa una o m\u00e1s unidades curriculares en otro Instituto en el que no se<br \/>\nencuentra matriculada o matriculado para poder acreditar una o m\u00e1s unidades<br \/>\ncurriculares. Se puede cursar como estudiante itinerante hasta el 30% de las unidades<br \/>\ncurriculares de la carrera. Quedan exceptuados el Campo de la Pr\u00e1ctica Docente<br \/>\ny Pr\u00e1cticas Profesionalizantes salvo en situaciones excepcionales para las cuales<br \/>\nse podr\u00e1 solicitar autorizaci\u00f3n a la Direcci\u00f3n de Nivel o Modalidad<br \/>\ncorrespondiente.<br \/>\nCuando los dise\u00f1os curriculares prescriban la cursada en simult\u00e1neo de dos o<br \/>\nm\u00e1s unidades curriculares, \u00e9stas deber\u00e1n cursarse en la misma instituci\u00f3n.<br \/>\nLas condiciones se encuentran prescritas en el Anexo 2 de la presente<br \/>\nresoluci\u00f3n.<\/p>\n<p>\u25cf <strong>Estudiante oyente<\/strong> es un o una estudiante matriculado\/a en el Instituto que participa<br \/>\nen una unidad curricular de su inter\u00e9s con el prop\u00f3sito de actualizar o<br \/>\nprofundizar aspectos espec\u00edficos de su formaci\u00f3n. Queda exceptuado el Campo<br \/>\nde la Pr\u00e1ctica Docente y Pr\u00e1cticas Profesionalizantes, Talleres, Laboratorios y<br \/>\ncualquier unidad curricular eminentemente pr\u00e1ctica. Esta participaci\u00f3n no<br \/>\nimplica seguimiento de avance acad\u00e9mico y, solo a los fines administrativos, la o<br \/>\nel estudiante puede realizar en cualquier momento del a\u00f1o la solicitud ante la<br \/>\nsecretar\u00eda y\/o departamento correspondiente, indicando su intenci\u00f3n de<br \/>\nasistencia a toda la cursada o a parte de ella, para el registro de asistencia. La<br \/>\nautorizaci\u00f3n quedar\u00e1 supeditada a la disponibilidad de espacio f\u00edsico en relaci\u00f3n<br \/>\ncon la cantidad de estudiantes regulares inscriptas o inscriptos.<\/p>\n<h2><strong> Sobre los porcentajes de asistencia requeridos para aprobar la cursada:<\/strong><\/h2>\n<p>\u25cf Para unidades curriculares con formato asignatura y modalidad presencialidad<br \/>\nplena se deber\u00e1 cumplimentar un 60% de asistencia seg\u00fan la cantidad de<br \/>\nclases establecidas por calendario acad\u00e9mico.<br \/>\n\u25cf Para unidades curriculares con formato asignatura y modalidad presencialidad<br \/>\ncon Propuestas Pedag\u00f3gicas Combinadas, se deber\u00e1 cumplimentar un 80% de<br \/>\nasistencia seg\u00fan la cantidad de clases establecidas por calendario acad\u00e9mico.<br \/>\n\u25cf Para el Campo de la Pr\u00e1ctica Docente, la Pr\u00e1ctica Profesionalizante y unidades<br \/>\ncurriculares con formato Taller, Seminario, Ateneo, Laboratorio se deber\u00e1<br \/>\ncumplimentar el 80% de asistencia seg\u00fan la cantidad de clases establecidas<br \/>\npor calendario acad\u00e9mico.<\/td>\n<\/tr>\n<\/tbody>\n<\/table>\n","protected":false},"excerpt":{"rendered":"<p>Aclaraci\u00f3n Las trayectorias que las y los estudiantes realicen implica el cumplimiento de condiciones acad\u00e9micas necesarias para la aprobaci\u00f3n de las cursadas y acreditaci\u00f3n de las unidades curriculares que constituyen el plan de estudio. El \u00fanico requisito para cursar unidades curriculares es que se respeten las condiciones de correlatividades definidas en los dise\u00f1os Es condici\u00f3n &#8230; <a title=\"Permanencia &#8211; Asistencia\" class=\"read-more\" href=\"https:\/\/isfd186-bue.infd.edu.ar\/sitio\/permanencia\/\" aria-label=\"More on Permanencia &#8211; Asistencia\">[+]<\/a><\/p>\n","protected":false},"author":1018,"featured_media":0,"parent":0,"menu_order":0,"comment_status":"closed","ping_status":"closed","template":"","meta":[],"acf":[],"_links":{"self":[{"href":"https:\/\/isfd186-bue.infd.edu.ar\/sitio\/wp-json\/wp\/v2\/pages\/962"}],"collection":[{"href":"https:\/\/isfd186-bue.infd.edu.ar\/sitio\/wp-json\/wp\/v2\/pages"}],"about":[{"href":"https:\/\/isfd186-bue.infd.edu.ar\/sitio\/wp-json\/wp\/v2\/types\/page"}],"author":[{"embeddable":true,"href":"https:\/\/isfd186-bue.infd.edu.ar\/sitio\/wp-json\/wp\/v2\/users\/1018"}],"replies":[{"embeddable":true,"href":"https:\/\/isfd186-bue.infd.edu.ar\/sitio\/wp-json\/wp\/v2\/comments?post=962"}],"version-history":[{"count":4,"href":"https:\/\/isfd186-bue.infd.edu.ar\/sitio\/wp-json\/wp\/v2\/pages\/962\/revisions"}],"predecessor-version":[{"id":8884,"href":"https:\/\/isfd186-bue.infd.edu.ar\/sitio\/wp-json\/wp\/v2\/pages\/962\/revisions\/8884"}],"wp:attachment":[{"href":"https:\/\/isfd186-bue.infd.edu.ar\/sitio\/wp-json\/wp\/v2\/media?parent=962"}],"curies":[{"name":"wp","href":"https:\/\/api.w.org\/{rel}","templated":true}]}}