{"id":960,"date":"2018-08-29T16:10:44","date_gmt":"2018-08-29T19:10:44","guid":{"rendered":"https:\/\/isfd186-bue.infd.edu.ar\/sitio\/cursada\/"},"modified":"2025-02-28T20:01:43","modified_gmt":"2025-02-28T23:01:43","slug":"cursada","status":"publish","type":"page","link":"https:\/\/isfd186-bue.infd.edu.ar\/sitio\/cursada\/","title":{"rendered":"Cursada &#8211; Instancia de final"},"content":{"rendered":"<table id=\"table4\" style=\"width: 750px; background-color: #e3e8e4;\" border=\"0\" cellspacing=\"0\" cellpadding=\"10\">\n<tbody>\n<tr>\n<td style=\"border: 1px solid; text-align: left;\">\n<h1>Aclaraci\u00f3n<\/h1>\n<p>Las unidades curriculares anuales y cuatrimestrales aprobadas y pendientes de acreditaci\u00f3n tendr\u00e1n una <strong>validez de ocho turnos<\/strong> de acreditaci\u00f3n final consecutivos. Estos se contabilizar\u00e1n a partir del primer turno disponible posterior a la aprobaci\u00f3n de la cursada. Vencido este plazo, se deber\u00e1 recursar la unidad curricular.<br \/>\nEn el caso de que la o el estudiante se presente<strong> en cuatro oportunidades y no<\/strong><br \/>\n<strong>acredite deber\u00e1 recursar la unidad curricular.<\/strong><\/p>\n<p><strong>Tres turnos de acreditaci\u00f3n<\/strong> con instancia de evaluaci\u00f3n final de car\u00e1cter<br \/>\nordinarios:<br \/>\n\u25cf<strong>Primer Turno:<\/strong> antes de la fecha establecida para el inicio de clases para el<br \/>\nnivel Superior<br \/>\n\u25cf<strong>Segundo Turno:<\/strong> inmediatamente finalizado el receso invernal<br \/>\n\u25cf<strong>Tercer Turno:<\/strong> luego de la fecha de finalizaci\u00f3n del per\u00edodo de clases<br \/>\nestablecida para el Nivel Superior<\/p>\n<p><strong>Turnos extraordinarios<\/strong> de acreditaci\u00f3n con instancia de evaluaci\u00f3n final<br \/>\nen el <strong>mes de mayo o septiembre<\/strong>, sin suspensi\u00f3n de actividades acad\u00e9micas, solo<br \/>\npara aquellas\/os estudiantes <strong>que adeuden la \u00faltima unidad curricular<\/strong> del<br \/>\nProfesorado o Tecnicatura y realicen la solicitud a trav\u00e9s de los mecanismos<br \/>\ndefinidos institucionalmente.<\/td>\n<\/tr>\n<\/tbody>\n<\/table>\n","protected":false},"excerpt":{"rendered":"<p>Aclaraci\u00f3n Las unidades curriculares anuales y cuatrimestrales aprobadas y pendientes de acreditaci\u00f3n tendr\u00e1n una validez de ocho turnos de acreditaci\u00f3n final consecutivos. Estos se contabilizar\u00e1n a partir del primer turno disponible posterior a la aprobaci\u00f3n de la cursada. Vencido este plazo, se deber\u00e1 recursar la unidad curricular. En el caso de que la o el &#8230; <a title=\"Cursada &#8211; Instancia de final\" class=\"read-more\" href=\"https:\/\/isfd186-bue.infd.edu.ar\/sitio\/cursada\/\" aria-label=\"More on Cursada &#8211; Instancia de final\">[+]<\/a><\/p>\n","protected":false},"author":1018,"featured_media":0,"parent":0,"menu_order":0,"comment_status":"closed","ping_status":"closed","template":"","meta":[],"acf":[],"_links":{"self":[{"href":"https:\/\/isfd186-bue.infd.edu.ar\/sitio\/wp-json\/wp\/v2\/pages\/960"}],"collection":[{"href":"https:\/\/isfd186-bue.infd.edu.ar\/sitio\/wp-json\/wp\/v2\/pages"}],"about":[{"href":"https:\/\/isfd186-bue.infd.edu.ar\/sitio\/wp-json\/wp\/v2\/types\/page"}],"author":[{"embeddable":true,"href":"https:\/\/isfd186-bue.infd.edu.ar\/sitio\/wp-json\/wp\/v2\/users\/1018"}],"replies":[{"embeddable":true,"href":"https:\/\/isfd186-bue.infd.edu.ar\/sitio\/wp-json\/wp\/v2\/comments?post=960"}],"version-history":[{"count":6,"href":"https:\/\/isfd186-bue.infd.edu.ar\/sitio\/wp-json\/wp\/v2\/pages\/960\/revisions"}],"predecessor-version":[{"id":8880,"href":"https:\/\/isfd186-bue.infd.edu.ar\/sitio\/wp-json\/wp\/v2\/pages\/960\/revisions\/8880"}],"wp:attachment":[{"href":"https:\/\/isfd186-bue.infd.edu.ar\/sitio\/wp-json\/wp\/v2\/media?parent=960"}],"curies":[{"name":"wp","href":"https:\/\/api.w.org\/{rel}","templated":true}]}}