{"id":945,"date":"2018-08-29T16:10:39","date_gmt":"2018-08-29T19:10:39","guid":{"rendered":"https:\/\/isfd186-bue.infd.edu.ar\/sitio\/laboratorio-de-biologia-quimica-y-fisica\/"},"modified":"2018-08-29T16:10:39","modified_gmt":"2018-08-29T19:10:39","slug":"laboratorio-de-biologia-quimica-y-fisica","status":"publish","type":"page","link":"https:\/\/isfd186-bue.infd.edu.ar\/sitio\/laboratorio-de-biologia-quimica-y-fisica\/","title":{"rendered":"Laboratorio de Biolog\u00eda, Qu\u00edmica y F\u00edsica"},"content":{"rendered":"<h1>Luis Federico Leloir<\/p>\n<h2>Construcci&oacute;n<\/h2>\n<p><iframe loading=\"lazy\" frameborder=\"0\" height=\"360\" src=\"\/\/www.youtube.com\/embed\/MympOCmU9iQ\" width=\"640\"><\/iframe><\/p>\n<p>&nbsp;<\/p>\n<h2>Bautismo<\/h2>\n<p><object width=\"640\" height=\"360\" data=\"https:\/\/isfd186-bue.infd.edu.ar\/static\/8.06.00-47patch\/lib\/javascript\/tinymce\/jscripts\/tiny_mce\/plugins\/media\/moxieplayer.swf\" type=\"application\/x-shockwave-flash\"><param name=\"src\" value=\"https:\/\/isfd186-bue.infd.edu.ar\/static\/8.06.00-47patch\/lib\/javascript\/tinymce\/jscripts\/tiny_mce\/plugins\/media\/moxieplayer.swf\"><param name=\"flashvars\" value=\"url=\/sitio\/upload\/Pelicula_bautismo.mp4&amp;poster=\/sitio\/administracion\/\"><param name=\"allowfullscreen\" value=\"true\"><param name=\"allowscriptaccess\" value=\"true\"><\/object><\/p>\n<\/h1>\n","protected":false},"excerpt":{"rendered":"<p>Luis Federico Leloir Construcci&oacute;n &nbsp; Bautismo<\/p>\n","protected":false},"author":1018,"featured_media":0,"parent":0,"menu_order":0,"comment_status":"closed","ping_status":"closed","template":"","meta":[],"acf":[],"_links":{"self":[{"href":"https:\/\/isfd186-bue.infd.edu.ar\/sitio\/wp-json\/wp\/v2\/pages\/945"}],"collection":[{"href":"https:\/\/isfd186-bue.infd.edu.ar\/sitio\/wp-json\/wp\/v2\/pages"}],"about":[{"href":"https:\/\/isfd186-bue.infd.edu.ar\/sitio\/wp-json\/wp\/v2\/types\/page"}],"author":[{"embeddable":true,"href":"https:\/\/isfd186-bue.infd.edu.ar\/sitio\/wp-json\/wp\/v2\/users\/1018"}],"replies":[{"embeddable":true,"href":"https:\/\/isfd186-bue.infd.edu.ar\/sitio\/wp-json\/wp\/v2\/comments?post=945"}],"version-history":[{"count":0,"href":"https:\/\/isfd186-bue.infd.edu.ar\/sitio\/wp-json\/wp\/v2\/pages\/945\/revisions"}],"wp:attachment":[{"href":"https:\/\/isfd186-bue.infd.edu.ar\/sitio\/wp-json\/wp\/v2\/media?parent=945"}],"curies":[{"name":"wp","href":"https:\/\/api.w.org\/{rel}","templated":true}]}}