{"id":926,"date":"2018-08-29T16:10:32","date_gmt":"2018-08-29T19:10:32","guid":{"rendered":"https:\/\/isfd186-bue.infd.edu.ar\/sitio\/disenos-curriculares\/"},"modified":"2026-03-13T19:51:51","modified_gmt":"2026-03-13T22:51:51","slug":"disenos-curriculares","status":"publish","type":"page","link":"https:\/\/isfd186-bue.infd.edu.ar\/sitio\/disenos-curriculares\/","title":{"rendered":"Dise\u00f1os Curriculares"},"content":{"rendered":"<table id=\"table3\" style=\"width: 750px; background-color: #e3e8e4;\" border=\"0\" cellspacing=\"0\" cellpadding=\"10\">\n<tbody>\n<tr>\n<td style=\"border: 1px solid; text-align: left;\">\n<h3>DISE\u00d1OS VIGENTES<\/h3>\n<ul>\n<li>\n<h3>Profesorado en Biolog\u00eda (Dise\u00f1o nuevo)<a style=\"font-size: 1.17em;\" title=\"Plan de estudios Profesorado en Historia\" href=\"https:\/\/isfd186-bue.infd.edu.ar\/sitio\/wp-content\/uploads\/2023\/04\/Diseno-Curricular-Biologia-nuevo.pdf\" target=\"_blank\" rel=\"noopener\"><img decoding=\"async\" loading=\"lazy\" class=\"alignnone\" src=\"https:\/\/isfd186-bue.infd.edu.ar\/sitio\/wp-content\/uploads\/2018\/08\/pdf-icon.png\" alt=\"\" width=\"25\" height=\"256\" border=\"0\" \/>\u00a0<\/a><\/h3>\n<\/li>\n<li>\n<h3>Profesorado en Educaci\u00f3n F\u00edsica\u00a0<a style=\"font-size: 1.17em;\" title=\"Plan de estudios Profesorado en Historia\" href=\"https:\/\/isfd186-bue.infd.edu.ar\/sitio\/wp-content\/uploads\/2018\/12\/Dise%C3%B1o-Curricular-Educaci%C3%B3n-Fisica.pdf\" target=\"_blank\" rel=\"noopener\"><img decoding=\"async\" loading=\"lazy\" class=\"alignnone\" src=\"https:\/\/isfd186-bue.infd.edu.ar\/sitio\/wp-content\/uploads\/2018\/08\/pdf-icon.png\" alt=\"\" width=\"25\" height=\"256\" border=\"0\" \/><\/a><\/h3>\n<ul>\n<li>\n<h4>Anexo de Correlatividades Educaci\u00f3n F\u00edsica <a style=\"font-size: 1.17em;\" title=\"Plan de Estudios Profesorado en Geograf\u00eda\" href=\"https:\/\/isfd186-bue.infd.edu.ar\/sitio\/wp-content\/uploads\/2024\/04\/IF-2023-45624654-GDEBA-SDIFDIDGCYE.pdf\" target=\"_blank\" rel=\"noopener\"><img decoding=\"async\" loading=\"lazy\" class=\"alignnone\" src=\"https:\/\/isfd186-bue.infd.edu.ar\/sitio\/wp-content\/uploads\/2018\/08\/pdf-icon.png\" alt=\"\" width=\"25\" height=\"256\" border=\"0\" \/><\/a><\/h4>\n<\/li>\n<\/ul>\n<\/li>\n<li>\n<h3>Profesorado en Geograf\u00eda (Dise\u00f1o nuevo) <a style=\"font-size: 1.17em;\" title=\"Plan de Estudios Profesorado en Geograf\u00eda\" href=\"https:\/\/isfd186-bue.infd.edu.ar\/sitio\/wp-content\/uploads\/2023\/04\/Diseno-Curricular-Geografia-nuevo.pdf\" target=\"_blank\" rel=\"noopener\"><img decoding=\"async\" title=\"\" src=\"https:\/\/isfd186-bue.infd.edu.ar\/sitio\/wp-content\/uploads\/2018\/08\/pdf-icon.png\" alt=\"\" width=\"25\" border=\"0\" \/><\/a><\/h3>\n<\/li>\n<li>\n<h3>Profesorado en Historia (Dise\u00f1o nuevo) <a href=\"https:\/\/isfd186-bue.infd.edu.ar\/sitio\/wp-content\/uploads\/2023\/04\/Diseno-Curricular-Historia-nuevo.pdf\" target=\"_blank\" rel=\"noopener\"><img decoding=\"async\" title=\"\" src=\"https:\/\/isfd186-bue.infd.edu.ar\/sitio\/wp-content\/uploads\/2018\/08\/pdf-icon.png\" alt=\"\" width=\"25\" border=\"0\" \/><\/a><\/h3>\n<\/li>\n<li>\n<h3>Profesorado en Ingl\u00e9s (Dise\u00f1o nuevo)\u00a0<a style=\"font-size: 1.17em;\" title=\"Plan de estudios Profesorado en Historia\" href=\"https:\/\/isfd186-bue.infd.edu.ar\/sitio\/wp-content\/uploads\/2018\/12\/Dise%C3%B1o-Curricular-Ingles.pdf\" target=\"_blank\" rel=\"noopener\"><img decoding=\"async\" loading=\"lazy\" class=\"alignnone\" src=\"https:\/\/isfd186-bue.infd.edu.ar\/sitio\/wp-content\/uploads\/2018\/08\/pdf-icon.png\" alt=\"\" width=\"25\" height=\"256\" border=\"0\" \/><\/a><\/h3>\n<ul>\n<li>\n<h4>Anexo de Correlatividades Ingl\u00e9s <a style=\"font-size: 1.17em;\" title=\"Plan de estudios Profesorado en Historia\" href=\"https:\/\/isfd186-bue.infd.edu.ar\/sitio\/wp-content\/uploads\/2024\/04\/IF-2023-45625425-GDEBA-SDIFDIDGCYE.pdf\" target=\"_blank\" rel=\"noopener\"><img decoding=\"async\" loading=\"lazy\" class=\"alignnone\" src=\"https:\/\/isfd186-bue.infd.edu.ar\/sitio\/wp-content\/uploads\/2018\/08\/pdf-icon.png\" alt=\"\" width=\"25\" height=\"256\" border=\"0\" \/><\/a><\/h4>\n<\/li>\n<\/ul>\n<\/li>\n<li>\n<h3>Profesorado en Lengua y Literatura (Dise\u00f1o nuevo) <a title=\"Lengua y Literatura\" href=\"https:\/\/isfd186-bue.infd.edu.ar\/sitio\/wp-content\/uploads\/2026\/03\/Diseno-Curricular-Lengua-Res-5883-25.pdf\" target=\"_blank\" rel=\"noopener\"><img decoding=\"async\" loading=\"lazy\" class=\"alignnone\" src=\"https:\/\/isfd186-bue.infd.edu.ar\/sitio\/wp-content\/uploads\/2018\/08\/pdf-icon.png\" alt=\"\" width=\"25\" height=\"256\" border=\"0\" \/><\/a><\/h3>\n<\/li>\n<li>\n<h3>Profesorado en Lengua y Literatura (Dise\u00f1o viejo) <a title=\"Lengua y Literatura\" href=\"upload\/Disen_o_Curricular_Lengua_y_Literatura.pdf\" target=\"_blank\" rel=\"noopener\"><img decoding=\"async\" title=\"\" src=\"https:\/\/isfd186-bue.infd.edu.ar\/sitio\/wp-content\/uploads\/2018\/08\/pdf-icon.png\" alt=\"\" width=\"25\" border=\"0\" \/><\/a><\/h3>\n<ul>\n<li>\n<h4>Anexo de Correlatividades Lengua y Literatura <a title=\"Lengua y Literatura\" href=\"https:\/\/isfd186-bue.infd.edu.ar\/sitio\/wp-content\/uploads\/2024\/04\/IF-2023-45627116-GDEBA-SDIFDIDGCYE.pdf\" target=\"_blank\" rel=\"noopener\"><img decoding=\"async\" loading=\"lazy\" class=\"alignnone\" src=\"https:\/\/isfd186-bue.infd.edu.ar\/sitio\/wp-content\/uploads\/2018\/08\/pdf-icon.png\" alt=\"\" width=\"25\" height=\"256\" border=\"0\" \/><\/a><\/h4>\n<\/li>\n<\/ul>\n<\/li>\n<li>\n<h3>Profesorado en Matem\u00e1tica\u00a0(Dise\u00f1o nuevo)\u00a0<a href=\"https:\/\/isfd186-bue.infd.edu.ar\/sitio\/wp-content\/uploads\/2025\/08\/Diseno-curricular-Matematica-nuevo.pdf\" target=\"_blank\" rel=\"noopener\"><img decoding=\"async\" title=\"\" src=\"https:\/\/isfd186-bue.infd.edu.ar\/sitio\/wp-content\/uploads\/2018\/08\/pdf-icon.png\" alt=\"\" width=\"25\" border=\"0\" \/><\/a><\/h3>\n<ul>\n<li>\n<h4>Anexo de Correlatividades Matem\u00e1tica <a style=\"font-size: 1.17em;\" title=\"Plan de Estudios Profesorado de Matem\u00e1tica\" href=\"https:\/\/isfd186-bue.infd.edu.ar\/sitio\/wp-content\/uploads\/2024\/04\/IF-2023-45626264-GDEBA-SDIFDIDGCYE.pdf\" target=\"_blank\" rel=\"noopener\"><img decoding=\"async\" loading=\"lazy\" class=\"alignnone\" src=\"https:\/\/isfd186-bue.infd.edu.ar\/sitio\/wp-content\/uploads\/2018\/08\/pdf-icon.png\" alt=\"\" width=\"25\" height=\"256\" border=\"0\" \/><\/a><\/h4>\n<\/li>\n<\/ul>\n<\/li>\n<li>\n<h3>Profesorado en Qu\u00edmica(Dise\u00f1o nuevo) <a style=\"font-size: 1.17em;\" title=\"Plan de Estudios Profesorado de Qu\u00edmica\" href=\"https:\/\/isfd186-bue.infd.edu.ar\/sitio\/wp-content\/uploads\/2025\/12\/Diseno-Curricular-Quimica-nuevo.pdf\" target=\"_blank\" rel=\"noopener\"><img decoding=\"async\" loading=\"lazy\" class=\"alignnone\" src=\"https:\/\/isfd186-bue.infd.edu.ar\/sitio\/wp-content\/uploads\/2018\/08\/pdf-icon.png\" alt=\"\" width=\"25\" height=\"256\" border=\"0\" \/><\/a><\/h3>\n<\/li>\n<li>\n<h3>Trayecto de Formaci\u00f3n Pedag\u00f3gica complementaria (Dise\u00f1o nuevo)<a href=\"https:\/\/isfd186-bue.infd.edu.ar\/sitio\/wp-content\/uploads\/2022\/04\/RSC-2082-2018-ANEXO-1-IF-2018-09976675-GDEBA-SSEDGCYE.pdf\"><img decoding=\"async\" loading=\"lazy\" class=\"alignnone\" src=\"https:\/\/isfd186-bue.infd.edu.ar\/sitio\/wp-content\/uploads\/2018\/08\/pdf-icon.png\" alt=\"\" width=\"25\" height=\"256\" border=\"0\" \/><\/a><\/h3>\n<\/li>\n<\/ul>\n<hr \/>\n<h3>DISE\u00d1OS VIEJOS<\/h3>\n<ul>\n<li>\n<h3>Profesorado en Biolog\u00eda (Dise\u00f1o viejo) <a style=\"font-size: 1.17em;\" title=\"Plan de Estudios Profesorado en Biolog\u00eda\" href=\"upload\/Profesorado_de_Biologia.pdf\" target=\"_blank\" rel=\"noopener\"><img decoding=\"async\" title=\"\" src=\"https:\/\/isfd186-bue.infd.edu.ar\/sitio\/wp-content\/uploads\/2018\/08\/pdf-icon.png\" alt=\"\" width=\"25\" border=\"0\" \/><\/a><\/h3>\n<\/li>\n<li>\n<h3>Profesorado en Econom\u00eda y Gesti\u00f3n\u00a0<a style=\"font-size: 1.17em;\" title=\"Plan de Estudios Profesorado en Econom\u00eda y Gesti\u00f3n\" href=\"upload\/Profesorado_de_Economia_y_Gestion.pdf\" target=\"_blank\" rel=\"noopener\"><img decoding=\"async\" title=\"\" src=\"https:\/\/isfd186-bue.infd.edu.ar\/sitio\/wp-content\/uploads\/2018\/08\/pdf-icon.png\" alt=\"\" width=\"25\" border=\"0\" \/><\/a><\/h3>\n<\/li>\n<li>\n<h3>Profesorado en Filosof\u00eda\u00a0<a style=\"font-size: 1.17em;\" title=\"Plan de Estudios Profesorado de Filosof\u00eda\" href=\"upload\/Profesorado_de_Filosofia.pdf\" target=\"_blank\" rel=\"noopener\"><img decoding=\"async\" title=\"\" src=\"https:\/\/isfd186-bue.infd.edu.ar\/sitio\/wp-content\/uploads\/2018\/08\/pdf-icon.png\" alt=\"\" width=\"25\" border=\"0\" \/><\/a><\/h3>\n<\/li>\n<li>\n<h3>Profesorado en F\u00edsica\u00a0<a style=\"font-size: 1.17em;\" title=\"Plan de Estudios Profesorado en F\u00edsica\" href=\"upload\/Profesorado_de_Fisica.pdf\" target=\"_blank\" rel=\"noopener\"><img decoding=\"async\" title=\"\" src=\"https:\/\/isfd186-bue.infd.edu.ar\/sitio\/wp-content\/uploads\/2018\/08\/pdf-icon.png\" alt=\"\" width=\"25\" border=\"0\" \/><\/a><\/h3>\n<\/li>\n<li>\n<h3>Profesorado en Geograf\u00eda (Dise\u00f1o viejo)<a style=\"font-size: 1.17em;\" title=\"Plan de Estudios Profesorado en Geograf\u00eda\" href=\"upload\/Profesorado_de_Geografia.pdf\" target=\"_blank\" rel=\"noopener\"><img decoding=\"async\" loading=\"lazy\" class=\"alignnone\" src=\"https:\/\/isfd186-bue.infd.edu.ar\/sitio\/wp-content\/uploads\/2018\/08\/pdf-icon.png\" alt=\"\" width=\"25\" height=\"256\" border=\"0\" \/><\/a><\/h3>\n<\/li>\n<li>\n<h3>Profesorado en Historia (Dise\u00f1o viejo) <a style=\"font-size: 1.17em;\" title=\"Plan de estudios Profesorado en Historia\" href=\"upload\/1325999modifpor358100historia.pdf\" target=\"_blank\" rel=\"noopener\"><img decoding=\"async\" title=\"\" src=\"https:\/\/isfd186-bue.infd.edu.ar\/sitio\/wp-content\/uploads\/2018\/08\/pdf-icon.png\" alt=\"\" width=\"25\" border=\"0\" \/><\/a><\/h3>\n<\/li>\n<li>\n<h3>Profesorado en Lengua y Literatura <a title=\"Plan de Estudios Profesorado de Lengua y Literatura\" href=\"upload\/1325999modifpor358100lengylit.pdf\" target=\"_blank\" rel=\"noopener\"><img decoding=\"async\" title=\"\" src=\"https:\/\/isfd186-bue.infd.edu.ar\/sitio\/wp-content\/uploads\/2018\/08\/pdf-icon.png\" alt=\"\" width=\"25\" border=\"0\" \/><\/a><\/h3>\n<\/li>\n<li>\n<h3>Profesorado en Matem\u00e1tica\u00a0(Dise\u00f1o viejo)\u00a0<a style=\"font-size: 1.17em;\" title=\"Plan de Estudios Profesorado de Matem\u00e1tica\" href=\"upload\/1325999modifpor358100matematica.pdf\" target=\"_blank\" rel=\"noopener\"><img decoding=\"async\" title=\"\" src=\"https:\/\/isfd186-bue.infd.edu.ar\/sitio\/wp-content\/uploads\/2018\/08\/pdf-icon.png\" alt=\"\" width=\"25\" border=\"0\" \/><\/a><\/h3>\n<\/li>\n<li>\n<h3>Profesorado en Qu\u00edmica(Dise\u00f1o viejo) <a style=\"font-size: 1.17em;\" title=\"Plan de Estudios Profesorado de Qu\u00edmica\" href=\"upload\/1325999modifpor358100quimica.pdf\" target=\"_blank\" rel=\"noopener\"><img decoding=\"async\" title=\"\" src=\"https:\/\/isfd186-bue.infd.edu.ar\/sitio\/wp-content\/uploads\/2018\/08\/pdf-icon.png\" alt=\"\" width=\"25\" border=\"0\" \/><\/a><\/h3>\n<\/li>\n<\/ul>\n<\/td>\n<\/tr>\n<\/tbody>\n<\/table>\n","protected":false},"excerpt":{"rendered":"<p>DISE\u00d1OS VIGENTES Profesorado en Biolog\u00eda (Dise\u00f1o nuevo)\u00a0 Profesorado en Educaci\u00f3n F\u00edsica\u00a0 Anexo de Correlatividades Educaci\u00f3n F\u00edsica Profesorado en Geograf\u00eda (Dise\u00f1o nuevo) Profesorado en Historia (Dise\u00f1o nuevo) Profesorado en Ingl\u00e9s (Dise\u00f1o nuevo)\u00a0 Anexo de Correlatividades Ingl\u00e9s Profesorado en Lengua y Literatura (Dise\u00f1o nuevo) Profesorado en Lengua y Literatura (Dise\u00f1o viejo) Anexo de Correlatividades Lengua y Literatura &#8230; <a title=\"Dise\u00f1os Curriculares\" class=\"read-more\" href=\"https:\/\/isfd186-bue.infd.edu.ar\/sitio\/disenos-curriculares\/\" aria-label=\"More on Dise\u00f1os Curriculares\">[+]<\/a><\/p>\n","protected":false},"author":1018,"featured_media":0,"parent":0,"menu_order":0,"comment_status":"closed","ping_status":"closed","template":"","meta":[],"acf":[],"_links":{"self":[{"href":"https:\/\/isfd186-bue.infd.edu.ar\/sitio\/wp-json\/wp\/v2\/pages\/926"}],"collection":[{"href":"https:\/\/isfd186-bue.infd.edu.ar\/sitio\/wp-json\/wp\/v2\/pages"}],"about":[{"href":"https:\/\/isfd186-bue.infd.edu.ar\/sitio\/wp-json\/wp\/v2\/types\/page"}],"author":[{"embeddable":true,"href":"https:\/\/isfd186-bue.infd.edu.ar\/sitio\/wp-json\/wp\/v2\/users\/1018"}],"replies":[{"embeddable":true,"href":"https:\/\/isfd186-bue.infd.edu.ar\/sitio\/wp-json\/wp\/v2\/comments?post=926"}],"version-history":[{"count":28,"href":"https:\/\/isfd186-bue.infd.edu.ar\/sitio\/wp-json\/wp\/v2\/pages\/926\/revisions"}],"predecessor-version":[{"id":9338,"href":"https:\/\/isfd186-bue.infd.edu.ar\/sitio\/wp-json\/wp\/v2\/pages\/926\/revisions\/9338"}],"wp:attachment":[{"href":"https:\/\/isfd186-bue.infd.edu.ar\/sitio\/wp-json\/wp\/v2\/media?parent=926"}],"curies":[{"name":"wp","href":"https:\/\/api.w.org\/{rel}","templated":true}]}}