{"id":922,"date":"2018-08-29T16:10:30","date_gmt":"2018-08-29T19:10:30","guid":{"rendered":"https:\/\/isfd186-bue.infd.edu.ar\/sitio\/informacion-para-profesores\/"},"modified":"2024-09-26T16:51:19","modified_gmt":"2024-09-26T19:51:19","slug":"informacion-para-profesores","status":"publish","type":"page","link":"https:\/\/isfd186-bue.infd.edu.ar\/sitio\/informacion-para-profesores\/","title":{"rendered":"Informaci\u00f3n para Profesores"},"content":{"rendered":"<table id=\"table3\" style=\"width: 750px; background-color: #e3e8e4;\" border=\"0\" cellspacing=\"0\" cellpadding=\"10\">\n<tbody>\n<tr>\n<td style=\"border: 1px solid; text-align: left;\">\n<h1>Resoluciones a tener en cuenta para la presentaci\u00f3n de proyectos<\/h1>\n<ul>\n<li style=\"font-size: 12pt;\">\n<h3>Resoluci\u00f3n 5886 Cobertura de C\u00e1tedra.\u00a0<a style=\"font-size: 1.17em;\" title=\"Resoluci\u00f3n 5886 Cobertura de C\u00e1tedra.\" href=\"upload\/RESOLUCION_5886.pdf\" target=\"_blank\" rel=\"noopener\"><img decoding=\"async\" title=\"\" src=\"https:\/\/isfd186-bue.infd.edu.ar\/sitio\/wp-content\/uploads\/2018\/08\/pdf-icon.png\" alt=\"\" width=\"25\" border=\"0\" \/><\/a><\/h3>\n<\/li>\n<li style=\"font-size: 12pt;\">\n<h3>Anexo III.\u00a0<a style=\"font-size: 1.17em;\" title=\"Anexo III.\" href=\"upload\/ANEXO_III.pdf\" target=\"_blank\" rel=\"noopener\"><img decoding=\"async\" title=\"\" src=\"https:\/\/isfd186-bue.infd.edu.ar\/sitio\/wp-content\/uploads\/2018\/08\/pdf-icon.png\" alt=\"\" width=\"25\" border=\"0\" \/><\/a><\/h3>\n<\/li>\n<li style=\"font-size: 12pt;\">\n<h3>Disposici\u00f3n 30.\u00a0<a style=\"font-size: 1.17em;\" title=\"Disposici\u00f3n 30.\" href=\"upload\/DISPOSICION_30.pdf\" target=\"_blank\" rel=\"noopener\"><img decoding=\"async\" title=\"\" src=\"https:\/\/isfd186-bue.infd.edu.ar\/sitio\/wp-content\/uploads\/2018\/08\/pdf-icon.png\" alt=\"\" width=\"25\" border=\"0\" \/><\/a><\/h3>\n<\/li>\n<li>\n<h3>Circular T\u00e9cnica Conjunta 01\/2020.\u00a0<a style=\"font-size: 1.17em;\" title=\"Disposici\u00f3n 30.\" href=\"https:\/\/isfd186-bue.infd.edu.ar\/sitio\/wp-content\/uploads\/2020\/07\/SSE-SUPERIOR-Circular-T%C3%A9cnica-Conjunta-1-2020.pdf\" target=\"_blank\" rel=\"noopener\"><img decoding=\"async\" title=\"\" src=\"https:\/\/isfd186-bue.infd.edu.ar\/sitio\/wp-content\/uploads\/2018\/08\/pdf-icon.png\" alt=\"\" width=\"25\" border=\"0\" \/><\/a><\/h3>\n<\/li>\n<li>\n<h3>Ense\u00f1anza y Educaci\u00f3n (Documento Base).\u00a0<a style=\"font-size: 1.17em;\" title=\"Disposici\u00f3n 30.\" href=\"https:\/\/isfd186-bue.infd.edu.ar\/sitio\/wp-content\/uploads\/2020\/07\/SSE-Ense%C3%B1anza-y-Evaluaci%C3%B3n-DOC-BASE-12-5.pdf\" target=\"_blank\" rel=\"noopener\"><img decoding=\"async\" title=\"\" src=\"https:\/\/isfd186-bue.infd.edu.ar\/sitio\/wp-content\/uploads\/2018\/08\/pdf-icon.png\" alt=\"\" width=\"25\" border=\"0\" \/><\/a><\/h3>\n<\/li>\n<\/ul>\n<\/td>\n<\/tr>\n<\/tbody>\n<\/table>\n","protected":false},"excerpt":{"rendered":"<p>Resoluciones a tener en cuenta para la presentaci\u00f3n de proyectos Resoluci\u00f3n 5886 Cobertura de C\u00e1tedra.\u00a0 Anexo III.\u00a0 Disposici\u00f3n 30.\u00a0 Circular T\u00e9cnica Conjunta 01\/2020.\u00a0 Ense\u00f1anza y Educaci\u00f3n (Documento Base).\u00a0<\/p>\n","protected":false},"author":1018,"featured_media":0,"parent":0,"menu_order":0,"comment_status":"closed","ping_status":"closed","template":"","meta":[],"acf":[],"_links":{"self":[{"href":"https:\/\/isfd186-bue.infd.edu.ar\/sitio\/wp-json\/wp\/v2\/pages\/922"}],"collection":[{"href":"https:\/\/isfd186-bue.infd.edu.ar\/sitio\/wp-json\/wp\/v2\/pages"}],"about":[{"href":"https:\/\/isfd186-bue.infd.edu.ar\/sitio\/wp-json\/wp\/v2\/types\/page"}],"author":[{"embeddable":true,"href":"https:\/\/isfd186-bue.infd.edu.ar\/sitio\/wp-json\/wp\/v2\/users\/1018"}],"replies":[{"embeddable":true,"href":"https:\/\/isfd186-bue.infd.edu.ar\/sitio\/wp-json\/wp\/v2\/comments?post=922"}],"version-history":[{"count":4,"href":"https:\/\/isfd186-bue.infd.edu.ar\/sitio\/wp-json\/wp\/v2\/pages\/922\/revisions"}],"predecessor-version":[{"id":8320,"href":"https:\/\/isfd186-bue.infd.edu.ar\/sitio\/wp-json\/wp\/v2\/pages\/922\/revisions\/8320"}],"wp:attachment":[{"href":"https:\/\/isfd186-bue.infd.edu.ar\/sitio\/wp-json\/wp\/v2\/media?parent=922"}],"curies":[{"name":"wp","href":"https:\/\/api.w.org\/{rel}","templated":true}]}}