{"id":6749,"date":"2023-08-01T15:54:18","date_gmt":"2023-08-01T18:54:18","guid":{"rendered":"https:\/\/isfd186-bue.infd.edu.ar\/sitio\/?page_id=6749"},"modified":"2023-10-24T21:00:54","modified_gmt":"2023-10-25T00:00:54","slug":"mesas-examinadoras","status":"publish","type":"page","link":"https:\/\/isfd186-bue.infd.edu.ar\/sitio\/mesas-examinadoras\/","title":{"rendered":"MESAS EXAMINADORAS"},"content":{"rendered":"\n<p>LLAMADO DE&nbsp;<strong>NOVIEMBRE \/ DICIEMBRE 2023<\/strong><\/p>\n\n\n\n<p>Las mesas examinadoras se realizar\u00e1n del<strong>&nbsp;21 de noviembre al 29 de diciembre<\/strong>&nbsp;del 2023. La inscripci\u00f3n a las mismas se habilitar\u00e1 el 16 de noviembre a las 12 hs. y podr\u00e1n&nbsp;<strong>anotarse a trav\u00e9s de la plataforma institucional hasta 72 hs. antes de cada mesa<\/strong>. Se solicita que en caso de no presentarse a rendir, borrarse con la debida antelaci\u00f3n para darle lugar a otra\/o estudiante.<\/p>\n\n\n\n<p>IMPORTANTE: Para rendir deben presentarse con la Libreta de Estudiante. La misma debe estar debidamente firmada por Secretar\u00eda y Direcci\u00f3n.<\/p>\n\n\n\n<p><strong><em>SOLICITUD DE MESAS ATRASADAS:<\/em><\/strong>&nbsp;Desde el martes 24 de octubre al viernes 03 de noviembre 20 hs., se recibir\u00e1 en preceptoria la planilla de apertura de mesa (<a rel=\"noreferrer noopener\" href=\"https:\/\/isfd186-bue.infd.edu.ar\/sitio\/wp-content\/uploads\/2023\/02\/Nota-Apertura-de-mesas.pdf\" target=\"_blank\">DESCARGAR AQU\u00cd<\/a>).<\/p>\n\n\n\n<p>Presentar la planilla si adeuda final de alguno de los siguientes cursos:<\/p>\n\n\n\n<p>Biolog\u00eda (dise\u00f1o viejo): 4\u00b0 a\u00f1o.<\/p>\n\n\n\n<p>Educaci\u00f3n F\u00edsica: 3\u00b0 a\u00f1o.<\/p>\n\n\n\n<p>Geograf\u00eda (dise\u00f1o viejo): 1\u00b0, 2\u00b0 y 3\u00b0 a\u00f1o.<\/p>\n\n\n\n<p>Historia (dise\u00f1o viejo): 1\u00b0,3\u00b0 y 4\u00b0 a\u00f1o.<\/p>\n\n\n\n<p>Lengua y Literatura: 4\u00b0 a\u00f1o.<\/p>\n\n\n\n<p>Qu\u00edmica (dise\u00f1o viejo): 1\u00b0,2\u00b0 y 4\u00b0 a\u00f1o.<\/p>\n\n\n\n<p><strong>Importante<\/strong>. La solicitud de apertura de mesa ser\u00e1 considerada como suficiente inscripci\u00f3n a la misma, esto significa que no deber\u00e1n anotarse a trav\u00e9s de la plataforma. Tener en cuenta que la inscripci\u00f3n a la mesa queda pendiente a revisi\u00f3n de acuerdo al cronograma de correlatividades.<\/p>\n","protected":false},"excerpt":{"rendered":"<p>LLAMADO DE&nbsp;NOVIEMBRE \/ DICIEMBRE 2023 Las mesas examinadoras se realizar\u00e1n del&nbsp;21 de noviembre al 29 de diciembre&nbsp;del 2023. La inscripci\u00f3n a las mismas se habilitar\u00e1 el 16 de noviembre a las 12 hs. y podr\u00e1n&nbsp;anotarse a trav\u00e9s de la plataforma institucional hasta 72 hs. antes de cada mesa. Se solicita que en caso de no &#8230; <a title=\"MESAS EXAMINADORAS\" class=\"read-more\" href=\"https:\/\/isfd186-bue.infd.edu.ar\/sitio\/mesas-examinadoras\/\" aria-label=\"More on MESAS EXAMINADORAS\">[+]<\/a><\/p>\n","protected":false},"author":195,"featured_media":0,"parent":0,"menu_order":0,"comment_status":"closed","ping_status":"closed","template":"","meta":[],"acf":[],"_links":{"self":[{"href":"https:\/\/isfd186-bue.infd.edu.ar\/sitio\/wp-json\/wp\/v2\/pages\/6749"}],"collection":[{"href":"https:\/\/isfd186-bue.infd.edu.ar\/sitio\/wp-json\/wp\/v2\/pages"}],"about":[{"href":"https:\/\/isfd186-bue.infd.edu.ar\/sitio\/wp-json\/wp\/v2\/types\/page"}],"author":[{"embeddable":true,"href":"https:\/\/isfd186-bue.infd.edu.ar\/sitio\/wp-json\/wp\/v2\/users\/195"}],"replies":[{"embeddable":true,"href":"https:\/\/isfd186-bue.infd.edu.ar\/sitio\/wp-json\/wp\/v2\/comments?post=6749"}],"version-history":[{"count":3,"href":"https:\/\/isfd186-bue.infd.edu.ar\/sitio\/wp-json\/wp\/v2\/pages\/6749\/revisions"}],"predecessor-version":[{"id":7131,"href":"https:\/\/isfd186-bue.infd.edu.ar\/sitio\/wp-json\/wp\/v2\/pages\/6749\/revisions\/7131"}],"wp:attachment":[{"href":"https:\/\/isfd186-bue.infd.edu.ar\/sitio\/wp-json\/wp\/v2\/media?parent=6749"}],"curies":[{"name":"wp","href":"https:\/\/api.w.org\/{rel}","templated":true}]}}