{"id":3384,"date":"2021-09-06T12:02:03","date_gmt":"2021-09-06T15:02:03","guid":{"rendered":"https:\/\/isfd186-bue.infd.edu.ar\/sitio\/?page_id=3384"},"modified":"2023-10-30T16:04:07","modified_gmt":"2023-10-30T19:04:07","slug":"cufba","status":"publish","type":"page","link":"https:\/\/isfd186-bue.infd.edu.ar\/sitio\/cufba\/","title":{"rendered":"CUFBA"},"content":{"rendered":"\n<div class=\"wp-block-columns is-layout-flex wp-container-2\">\n<div class=\"wp-block-column is-layout-flow\" style=\"flex-basis:100%\">\n<p class=\"has-text-align-center\"><strong>Curso de Formaci\u00f3n B\u00e1sica<\/strong><\/p>\n\n\n\n<h2 class=\"wp-block-heading\">ACTUALIZACION DE INFORMACION AL 30 DE OCTUBRE DEL 2023.<\/h2>\n\n\n<div class=\"wp-block-image\">\n<figure class=\"aligncenter size-full\"><img decoding=\"async\" loading=\"lazy\" width=\"474\" height=\"354\" src=\"https:\/\/isfd186-bue.infd.edu.ar\/sitio\/wp-content\/uploads\/2023\/10\/AVISO.jpg\" alt=\"\" class=\"wp-image-7149\"\/><\/figure><\/div>\n\n\n<p class=\"has-accent-color has-contrast-3-background-color has-text-color has-background\">AUN NO HAY NOVEDADES QUE INICIE EL CUFBA EN  EL CICLO LECTIVO 2024.<\/p>\n\n\n\n<p><br>A fin de posibilitar la adquisici\u00f3n de las competencias requeridas para el ingreso en la Carrera, se desarrollar\u00e1 un Curso de Formaci\u00f3n B\u00e1sica con la duraci\u00f3n de un Ciclo Lectivo de treinta y dos (32) semanas y con una carga horaria de ocho (8) horas reloj semanales.<\/p>\n\n\n\n<p>Podr\u00e1n incorporarse en este Curso aquellos aspirantes que hayan completado el Nivel de Educaci\u00f3n Media o el Polimodal o alumnos cursantes del \u00faltimo a\u00f1o de dichos Niveles.<\/p>\n\n\n\n<ul>\n<li><strong>Expectativas de Logro<\/strong>\n<ul>\n<li>Comprensi\u00f3n de un texto escrito desconocido, rese\u00f1ando sus ideas principales.<\/li>\n\n\n\n<li>Comprensi\u00f3n de un texto oral desconocido, rese\u00f1ando sus ideas principales.<\/li>\n\n\n\n<li>Redacci\u00f3n de una carta breve e informal o narraci\u00f3n sobre un tema asignado, desarrollado con coherencia y en respuesta al prop\u00f3sito del texto.<\/li>\n\n\n\n<li>Comentario sobre un texto le\u00eddo con anterioridad.<\/li>\n\n\n\n<li>Respuesta al discurso imprevisible de un interlocutor sobre temas de la vida cotidiana.<\/li>\n\n\n\n<li>Conversaci\u00f3n fluida con aproximaci\u00f3n a la correcci\u00f3n fon\u00e9tica, l\u00e9xica y gramatical y con adecuaci\u00f3n al contexto.<\/li>\n<\/ul>\n<\/li>\n<\/ul>\n\n\n\n<pre id=\"block-6a850bef-6723-45a4-aa8f-9f72a6fec2b1\" class=\"wp-block-preformatted\"> <strong>Prueba de Formaci\u00f3n B\u00e1sica<\/strong>\n\n Los aspirantes que acreditaren las competencias de la Formaci\u00f3n B\u00e1sica a trav\u00e9s de pruebas evaluativas de Nivel, ingresar\u00e1n directamente en la Carrera.<\/pre>\n\n\n\n<p><\/p>\n\n\n\n<div class=\"wp-block-file\"><a id=\"wp-block-file--media-258d8393-cf68-44cf-9e41-ad87d625e26c\" href=\"https:\/\/isfd186-bue.infd.edu.ar\/sitio\/wp-content\/uploads\/2021\/09\/Res-CUFBA-1883-99-1.pdf\">Resoluci\u00f3n CUFBA 1883-99 <\/a><a href=\"https:\/\/isfd186-bue.infd.edu.ar\/sitio\/wp-content\/uploads\/2021\/09\/Res-CUFBA-1883-99-1.pdf\" class=\"wp-block-file__button wp-element-button\" download aria-describedby=\"wp-block-file--media-258d8393-cf68-44cf-9e41-ad87d625e26c\">Descarga<\/a><\/div>\n<\/div>\n<\/div>\n\n\n\n<p>DISE\u00d1O CURRICULAR DEL PROFESORADO DE INGLES.<\/p>\n\n\n\n<p><a href=\"https:\/\/isfd186-bue.infd.edu.ar\/sitio\/wp-content\/uploads\/2018\/12\/Dise%C3%B1o-Curricular-Ingles.pdf\">Dise\u00f1o-Curricular-Ingles.pdf (infd.edu.ar)<\/a><\/p>\n","protected":false},"excerpt":{"rendered":"<p>Curso de Formaci\u00f3n B\u00e1sica ACTUALIZACION DE INFORMACION AL 30 DE OCTUBRE DEL 2023. AUN NO HAY NOVEDADES QUE INICIE EL CUFBA EN EL CICLO LECTIVO 2024. A fin de posibilitar la adquisici\u00f3n de las competencias requeridas para el ingreso en la Carrera, se desarrollar\u00e1 un Curso de Formaci\u00f3n B\u00e1sica con la duraci\u00f3n de un Ciclo &#8230; <a title=\"CUFBA\" class=\"read-more\" href=\"https:\/\/isfd186-bue.infd.edu.ar\/sitio\/cufba\/\" aria-label=\"More on CUFBA\">[+]<\/a><\/p>\n","protected":false},"author":2564,"featured_media":0,"parent":0,"menu_order":0,"comment_status":"closed","ping_status":"closed","template":"","meta":[],"acf":[],"_links":{"self":[{"href":"https:\/\/isfd186-bue.infd.edu.ar\/sitio\/wp-json\/wp\/v2\/pages\/3384"}],"collection":[{"href":"https:\/\/isfd186-bue.infd.edu.ar\/sitio\/wp-json\/wp\/v2\/pages"}],"about":[{"href":"https:\/\/isfd186-bue.infd.edu.ar\/sitio\/wp-json\/wp\/v2\/types\/page"}],"author":[{"embeddable":true,"href":"https:\/\/isfd186-bue.infd.edu.ar\/sitio\/wp-json\/wp\/v2\/users\/2564"}],"replies":[{"embeddable":true,"href":"https:\/\/isfd186-bue.infd.edu.ar\/sitio\/wp-json\/wp\/v2\/comments?post=3384"}],"version-history":[{"count":8,"href":"https:\/\/isfd186-bue.infd.edu.ar\/sitio\/wp-json\/wp\/v2\/pages\/3384\/revisions"}],"predecessor-version":[{"id":7154,"href":"https:\/\/isfd186-bue.infd.edu.ar\/sitio\/wp-json\/wp\/v2\/pages\/3384\/revisions\/7154"}],"wp:attachment":[{"href":"https:\/\/isfd186-bue.infd.edu.ar\/sitio\/wp-json\/wp\/v2\/media?parent=3384"}],"curies":[{"name":"wp","href":"https:\/\/api.w.org\/{rel}","templated":true}]}}