{"id":3379,"date":"2021-09-06T11:25:34","date_gmt":"2021-09-06T14:25:34","guid":{"rendered":"https:\/\/isfd186-bue.infd.edu.ar\/sitio\/?page_id=3379"},"modified":"2026-01-11T00:40:06","modified_gmt":"2026-01-11T03:40:06","slug":"inscripciones","status":"publish","type":"page","link":"https:\/\/isfd186-bue.infd.edu.ar\/sitio\/inscripciones\/","title":{"rendered":""},"content":{"rendered":"\n<h2 class=\"wp-block-heading has-text-align-center has-base-2-color has-accent-background-color has-text-color has-background\">INSCRIPCI\u00d3N 2026 &#8211; inicia el 18 de febrero<\/h2>\n\n\n\n<h2 class=\"wp-block-heading\">Por favor, leer atentamente toda la publicaci\u00f3n.<\/h2>\n\n\n\n<p>La preinscripci\u00f3n a los Profesorados 2026 <strong>estar\u00e1 habilitada hasta el viernes 19 de diciembre a las 20.00 hs (sin excepci\u00f3n)<\/strong>. En el caso de que el n\u00famero de inscripciones&nbsp;<strong>exceda la cantidad de cupos disponibles,&nbsp;<\/strong>las vacantes se asignar\u00e1n por sorteo como lo establece el Reglamento de Instituciones Educativas, Decreto N\u00b0 2299\/11 \u2013 Art. 130.&nbsp;<strong>S\u00f3lo para aquellas Carreras que vean superadas sus vacantes.<\/strong><\/p>\n\n\n\n<p><strong><em><u>PASOS PARA REALIZAR LA INSCRIPCI\u00d3N<\/u><\/em><\/strong><\/p>\n\n\n\n<p><\/p>\n\n\n\n<h2 class=\"wp-block-heading\"><strong>1er Paso<\/strong> (PREINSCRIPCION ONLINE): FINALIZ\u00d3<\/h2>\n\n\n\n<h2 class=\"wp-block-heading\"><strong>2do Paso:<\/strong><\/h2>\n\n\n\n<h5 class=\"wp-block-heading\">A continuaci\u00f3n, se publican las listas de inscripci\u00f3n 2026.<\/h5>\n\n\n\n<h5 class=\"wp-block-heading\">Se recibir\u00e1 documentaci\u00f3n de los ingresantes del 18 al 27 febrero\/2026. Aquellas personas que se encuentren en lista de espera deber\u00e1n aguardar a que se le notifique v\u00eda correo electr\u00f3nico.<\/h5>\n\n\n\n<h5 class=\"wp-block-heading\">Para aquellos profesorados que a\u00fan cuentan con lugar disponible se recibir\u00e1 documentaci\u00f3n hasta completar vacante. Luego se proceder\u00e1 a inscribir en lista de espera sin entrega de documentaci\u00f3n y por orden de llegada.<\/h5>\n\n\n\n<p class=\"has-medium-font-size\"><strong><em>DOCUMENTACI\u00d3N A PRESENTAR EN SEDE A PARTIR DEL 18 DE FEBRERO 2026<\/em><\/strong><\/p>\n\n\n\n<p><strong><em>DOCUMENTACI\u00d3N A PRESENTAR EN SEDE<\/em><\/strong> <\/p>\n\n\n\n<ul>\n<li>1 folio tama\u00f1o oficio<\/li>\n\n\n\n<li>Planilla de Inscripci\u00f3n (<a href=\"https:\/\/isfd186-bue.infd.edu.ar\/sitio\/wp-content\/uploads\/2023\/12\/planilla-inscripcion-estudiantes-2024.pdf\" data-type=\"URL\" data-id=\"https:\/\/isfd186-bue.infd.edu.ar\/sitio\/wp-content\/uploads\/2023\/12\/planilla-inscripcion-estudiantes-2024.pdf\" target=\"_blank\" rel=\"noreferrer noopener\">descargue aqu\u00ed<\/a>)<\/li>\n\n\n\n<li>Documento (original y fotocopia).<\/li>\n\n\n\n<li>Certificado de nacimiento (original y fotocopia)<\/li>\n\n\n\n<li>Anal\u00edtico de estudios secundarios (original y fotocopia) o Certificado de t\u00edtulo en tr\u00e1mite (original) o Certificado de Alumno\/a Regular secundario<\/li>\n\n\n\n<li>2 Fotos 4 x 4<\/li>\n\n\n\n<li>Certificado de Aptitud Psicof\u00edsica extendida por entidad p\u00fablica (Hospital o unidad sanitaria) que deber\u00e1n completar durante el a\u00f1o <a rel=\"noreferrer noopener\" href=\"https:\/\/isfd186-bue.infd.edu.ar\/sitio\/wp-content\/uploads\/2025\/12\/FICHA-MEDICA-GENERAL.pdf\" data-type=\"URL\" data-id=\"https:\/\/isfd186-bue.infd.edu.ar\/sitio\/wp-content\/uploads\/2025\/12\/FICHA-MEDICA-GENERAL.pdf\" target=\"_blank\">(Descargar Ficha M\u00e9dica<\/a>).<\/li>\n<\/ul>\n\n\n\n<p><strong><em>INGRESANTES A EDUCACION FISICA DOCUMENTACI\u00d3N A PRESENTAR EN SEDE<\/em><\/strong><\/p>\n\n\n\n<ul>\n<li>1 folio tama\u00f1o oficio<\/li>\n\n\n\n<li>Planilla de Inscripci\u00f3n<\/li>\n\n\n\n<li>Documento (original y fotocopia).<\/li>\n\n\n\n<li>Certificado de nacimiento (original y fotocopia)<\/li>\n\n\n\n<li>Anal\u00edtico de estudios secundarios (original y fotocopia) o Certificado de t\u00edtulo en tr\u00e1mite (original) o Certificado de Alumno\/a Regular secundario<\/li>\n\n\n\n<li>2 Fotos 4 x 4<\/li>\n\n\n\n<li>Ficha M\u00e9dica completa (<a href=\"https:\/\/isfd186-bue.infd.edu.ar\/sitio\/wp-content\/uploads\/2025\/12\/Ficha-Medica.pdf\" data-type=\"URL\" data-id=\"https:\/\/isfd186-bue.infd.edu.ar\/sitio\/wp-content\/uploads\/2025\/12\/Ficha-Medica.pdf\" target=\"_blank\" rel=\"noreferrer noopener\">Descargar Ficha M\u00e9dica<\/a>) con tiempo de entregarla hasta fin de abril.<\/li>\n\n\n\n<li>Certificado de Traumat\u00f3logo aclarando que est\u00e1n aptos para realizar deportes de alto impacto. (NO SE RECEPCIONAR\u00c1 CON OTRO TEXTO NI CON FIRMA DE OTRO PROFESIONAL QUE NO SEA TRAUMAT\u00d3LOGO).<\/li>\n\n\n\n<li>Apto Nataci\u00f3n con la siguiente leyenda obligatoria: \u201cPOSEE APTITUD F\u00cdSICA PARA REALIZAR NATACION DE ACUERDO A SU EDAD Y SEXO\u201d (puede ser firmado por un profesional m\u00e9dico matriculado de cualquier especialidad).<\/li>\n\n\n\n<li><a href=\"https:\/\/isfd186-bue.infd.edu.ar\/sitio\/wp-content\/uploads\/2026\/01\/FICHA-EFI-2026.pdf\" data-type=\"URL\" data-id=\"https:\/\/isfd186-bue.infd.edu.ar\/sitio\/wp-content\/uploads\/2026\/01\/FICHA-EFI-2026.pdf\" target=\"_blank\" rel=\"noreferrer noopener\">Formulario de Notificaci\u00f3n de requisitos de inscripci\u00f3n completo y firmado. DESCARGAR<\/a><\/li>\n<\/ul>\n\n\n\n<h2 class=\"wp-block-heading\"><strong>IMPORTANTE<\/strong> INGRESANTES<\/h2>\n\n\n\n<p>Seg\u00fan el nuevo Reglamento Acad\u00e9mico Marco la planilla de salud se completa durante el trayecto del primer a\u00f1o . Es un requisito para \u00e9l\/la estudiante de tener el legajo completo antes de rendir su primer final.<\/p>\n\n\n\n<p><\/p>\n\n\n\n<p><\/p>\n\n\n<div class=\"wp-block-image\">\n<figure class=\"aligncenter size-large\"><img decoding=\"async\" loading=\"lazy\" width=\"760\" height=\"1900\" src=\"https:\/\/isfd186-bue.infd.edu.ar\/sitio\/wp-content\/uploads\/2023\/11\/INSCRIPCION-186-760x1900.png\" alt=\"\" class=\"wp-image-7175\" srcset=\"https:\/\/isfd186-bue.infd.edu.ar\/sitio\/wp-content\/uploads\/2023\/11\/INSCRIPCION-186-760x1900.png 760w, https:\/\/isfd186-bue.infd.edu.ar\/sitio\/wp-content\/uploads\/2023\/11\/INSCRIPCION-186-400x1000.png 400w, https:\/\/isfd186-bue.infd.edu.ar\/sitio\/wp-content\/uploads\/2023\/11\/INSCRIPCION-186-768x1920.png 768w, https:\/\/isfd186-bue.infd.edu.ar\/sitio\/wp-content\/uploads\/2023\/11\/INSCRIPCION-186-614x1536.png 614w, https:\/\/isfd186-bue.infd.edu.ar\/sitio\/wp-content\/uploads\/2023\/11\/INSCRIPCION-186.png 800w\" sizes=\"(max-width: 760px) 100vw, 760px\" \/><\/figure><\/div>","protected":false},"excerpt":{"rendered":"<p>INSCRIPCI\u00d3N 2026 &#8211; inicia el 18 de febrero Por favor, leer atentamente toda la publicaci\u00f3n. La preinscripci\u00f3n a los Profesorados 2026 estar\u00e1 habilitada hasta el viernes 19 de diciembre a las 20.00 hs (sin excepci\u00f3n). En el caso de que el n\u00famero de inscripciones&nbsp;exceda la cantidad de cupos disponibles,&nbsp;las vacantes se asignar\u00e1n por sorteo como &#8230; <a title=\"\" class=\"read-more\" href=\"https:\/\/isfd186-bue.infd.edu.ar\/sitio\/inscripciones\/\" aria-label=\"More on \">[+]<\/a><\/p>\n","protected":false},"author":622,"featured_media":0,"parent":0,"menu_order":0,"comment_status":"closed","ping_status":"closed","template":"","meta":[],"acf":[],"_links":{"self":[{"href":"https:\/\/isfd186-bue.infd.edu.ar\/sitio\/wp-json\/wp\/v2\/pages\/3379"}],"collection":[{"href":"https:\/\/isfd186-bue.infd.edu.ar\/sitio\/wp-json\/wp\/v2\/pages"}],"about":[{"href":"https:\/\/isfd186-bue.infd.edu.ar\/sitio\/wp-json\/wp\/v2\/types\/page"}],"author":[{"embeddable":true,"href":"https:\/\/isfd186-bue.infd.edu.ar\/sitio\/wp-json\/wp\/v2\/users\/622"}],"replies":[{"embeddable":true,"href":"https:\/\/isfd186-bue.infd.edu.ar\/sitio\/wp-json\/wp\/v2\/comments?post=3379"}],"version-history":[{"count":134,"href":"https:\/\/isfd186-bue.infd.edu.ar\/sitio\/wp-json\/wp\/v2\/pages\/3379\/revisions"}],"predecessor-version":[{"id":9295,"href":"https:\/\/isfd186-bue.infd.edu.ar\/sitio\/wp-json\/wp\/v2\/pages\/3379\/revisions\/9295"}],"wp:attachment":[{"href":"https:\/\/isfd186-bue.infd.edu.ar\/sitio\/wp-json\/wp\/v2\/media?parent=3379"}],"curies":[{"name":"wp","href":"https:\/\/api.w.org\/{rel}","templated":true}]}}