{"id":2952,"date":"2021-03-11T13:09:10","date_gmt":"2021-03-11T16:09:10","guid":{"rendered":"https:\/\/isfd186-bue.infd.edu.ar\/sitio\/?page_id=2952"},"modified":"2025-04-14T11:35:37","modified_gmt":"2025-04-14T14:35:37","slug":"solicitud-de-equivalencias","status":"publish","type":"page","link":"https:\/\/isfd186-bue.infd.edu.ar\/sitio\/solicitud-de-equivalencias\/","title":{"rendered":"SOLICITUD DE EQUIVALENCIAS"},"content":{"rendered":"<div class=\" aligncenter\" style=\"margin: 15px; padding: 10px; background-color: #e3e8e4; border: 1px solid;\">\n<h2>EQUIVALENCIAS 2025 (del 14 al 30\/4\/2025)<\/h2>\n<p style=\"font-size: 18pt;\">Se podr\u00e1n acreditar Unidades Curriculares mediante el r\u00e9gimen de equivalencia. Las equivalencias podr\u00e1n comprender la Unidad Curricular completa o una parte de la misma (equivalencia parcial). En este caso, de ser necesario, se implementar\u00e1 un trayecto de actualizaci\u00f3n de saberes.\u00a0 Se trata de saberes acreditados en la misma instituci\u00f3n (en planes anteriores al vigente o de otras carreras) o en otras instituciones del mismo nivel.\u00a0<\/p>\n<p style=\"font-size: 18pt;\">Para solicitar la acreditaci\u00f3n por equivalencia, el estudiante deber\u00e1:<\/p>\n<ul>\n<li>\n<p style=\"font-size: 18pt;\">Solicitar el reconocimiento de equivalencias de Unidades Curriculares aprobadas en la misma instituci\u00f3n o en otra instituci\u00f3n educativa de estudios superiores reconocida oficialmente. La documentaci\u00f3n se deber\u00e1 presentar en un folio y se <strong>recepcionar\u00e1 en Secretar\u00eda del lunes 14\/04 al mi\u00e9rcoles 30\/04 a las 20:30 hs. en horario de atenci\u00f3n \u00fanicamente (Lunes y mi\u00e9rcoles de 18 a 20.30 hs. \u2013 Martes, jueves y viernes de 14 a 16.30 hs.).<\/strong><\/p>\n<\/li>\n<\/ul>\n<ul>\n<li>\n<p style=\"font-size: 18pt;\">Adjuntar la planilla completa de <a href=\"https:\/\/isfd186-bue.infd.edu.ar\/sitio\/wp-content\/uploads\/2020\/03\/Equivalencia-resumen.pdf\" target=\"_blank\" rel=\"noopener\"><em><strong>SOLICITUD DE EQUIVALENCIA RESUMEN (descargar).<\/strong><\/em><\/a><\/p>\n<\/li>\n<li>\n<p style=\"font-size: 18pt;\">Adjuntar <em><strong>por cada Unidad Curricular solicitada<\/strong><\/em>, fotocopia del certificado anal\u00edtico de estudios realizados, <a href=\"https:\/\/isfd186-bue.infd.edu.ar\/sitio\/wp-content\/uploads\/2020\/03\/Equivalencia-asisgnatura.pdf\" target=\"_blank\" rel=\"noopener\"><em><strong>SOLICITUD DE EQUIVALENCIA POR ASIGNATURA (descargar)<\/strong><\/em><\/a> y <em><strong>el\/los programa\/s que corresponda\/n,<\/strong><\/em> en el\/los que conste carga horaria, contenidos y bibliograf\u00eda, del\/las unidades curricular\/es en el\/las que solicita equivalencia. La documentaci\u00f3n deber\u00e1 estar debidamente certificada.<\/p>\n<\/li>\n<li>\n<p style=\"font-size: 18pt;\"><span style=\"font-size: revert;\">Cursar la unidad curricular cuya acreditaci\u00f3n se solicita por equivalencia, hasta tanto se le confirme fehacientemente que se le otorg\u00f3 lo solicitado.<\/span><\/p>\n<\/li>\n<li>\n<p style=\"font-size: 18pt;\">Cumplir con los requerimientos acad\u00e9micos que se establezcan en el caso de una equivalencia parcial.<\/p>\n<\/li>\n<\/ul>\n<\/div>\n\n\n<p><\/p>\n","protected":false},"excerpt":{"rendered":"<p>EQUIVALENCIAS 2025 (del 14 al 30\/4\/2025) Se podr\u00e1n acreditar Unidades Curriculares mediante el r\u00e9gimen de equivalencia. Las equivalencias podr\u00e1n comprender la Unidad Curricular completa o una parte de la misma (equivalencia parcial). En este caso, de ser necesario, se implementar\u00e1 un trayecto de actualizaci\u00f3n de saberes.\u00a0 Se trata de saberes acreditados en la misma instituci\u00f3n &#8230; <a title=\"SOLICITUD DE EQUIVALENCIAS\" class=\"read-more\" href=\"https:\/\/isfd186-bue.infd.edu.ar\/sitio\/solicitud-de-equivalencias\/\" aria-label=\"More on SOLICITUD DE EQUIVALENCIAS\">[+]<\/a><\/p>\n","protected":false},"author":195,"featured_media":0,"parent":0,"menu_order":0,"comment_status":"closed","ping_status":"closed","template":"","meta":[],"acf":[],"_links":{"self":[{"href":"https:\/\/isfd186-bue.infd.edu.ar\/sitio\/wp-json\/wp\/v2\/pages\/2952"}],"collection":[{"href":"https:\/\/isfd186-bue.infd.edu.ar\/sitio\/wp-json\/wp\/v2\/pages"}],"about":[{"href":"https:\/\/isfd186-bue.infd.edu.ar\/sitio\/wp-json\/wp\/v2\/types\/page"}],"author":[{"embeddable":true,"href":"https:\/\/isfd186-bue.infd.edu.ar\/sitio\/wp-json\/wp\/v2\/users\/195"}],"replies":[{"embeddable":true,"href":"https:\/\/isfd186-bue.infd.edu.ar\/sitio\/wp-json\/wp\/v2\/comments?post=2952"}],"version-history":[{"count":25,"href":"https:\/\/isfd186-bue.infd.edu.ar\/sitio\/wp-json\/wp\/v2\/pages\/2952\/revisions"}],"predecessor-version":[{"id":9061,"href":"https:\/\/isfd186-bue.infd.edu.ar\/sitio\/wp-json\/wp\/v2\/pages\/2952\/revisions\/9061"}],"wp:attachment":[{"href":"https:\/\/isfd186-bue.infd.edu.ar\/sitio\/wp-json\/wp\/v2\/media?parent=2952"}],"curies":[{"name":"wp","href":"https:\/\/api.w.org\/{rel}","templated":true}]}}