{"id":286,"date":"2016-10-31T13:17:59","date_gmt":"2016-10-31T16:17:59","guid":{"rendered":"https:\/\/isfd186-bue.infd.edu.ar\/sitio\/?page_id=286"},"modified":"2026-04-09T15:42:36","modified_gmt":"2026-04-09T18:42:36","slug":"inicio","status":"publish","type":"page","link":"https:\/\/isfd186-bue.infd.edu.ar\/sitio\/","title":{"rendered":"Inicio"},"content":{"rendered":"<div class=\" aligncenter\" style=\"margin: 15px; padding: 10px; background-color: #e3e8e4; border: 1px solid;\">\n<h2 style=\"text-align: center;\">MATRICULACION<\/h2>\n<h3 style=\"text-align: center;\">Se comunica a quienes tuvieron inconveniente con la matriculaci\u00f3n a las unidades curriculares 2026 que deber\u00e1n presentarse en preceptor\u00eda para regularizarla.<\/h3>\n<h3 style=\"text-align: center;\">Una vez realizada deben imprimir la planilla, firmarla al pie y entregarla en preceptoria dentro del horario de ateci\u00f3n.<\/h3>\n<h2 style=\"text-align: center;\">LINK DE ACCESO: <a href=\"https:\/\/isfd186.edu.ar\/who.is\" target=\"_blank\" rel=\"noopener\">https:\/\/isfd186.edu.ar\/who.is<\/a><\/h2>\n<\/div>\n<div class=\" aligncenter\" style=\"margin: 15px; padding: 10px; background-color: #e3e8e4; border: 1px solid;\">\n<h2 style=\"text-align: center; font-family: decorativa; font-size: 36pt;\"><em><strong>CONCURSOS DE CATEDRAS 2026<\/strong><\/em><\/h2>\n<h2 style=\"text-align: center;\">RECTIFICATORIA &#8211; 1\u00b0 CONVOCATORIA CONCURSO DE CATEDRA<\/h2>\n<h2 style=\"text-align: center;\">Inscripci\u00f3n: del 26\/12\/2025 hasta el 06\/2\/2026<\/h2>\n<h2 style=\"text-align: center;\"><a href=\"https:\/\/isfd186-bue.infd.edu.ar\/sitio\/wp-content\/uploads\/2025\/12\/RECTIFICATORIA-1\u00b0-CONVOCATORIA-CONCURSO-DE-CATEDRAS-2026.pdf\" target=\"_blank\" rel=\"noopener\">(DESCARGAR AQU\u00cd)<\/a><\/h2>\n<h2 style=\"text-align: center;\">Cobertura de c\u00e1tedras seg\u00fan indican las resoluciones N\u00b0 5886\/03 y su modificatoria, N\u00b0 5848\/02 y N\u00b0 1234\/03, <a href=\"https:\/\/isfd186-bue.infd.edu.ar\/sitio\/wp-content\/uploads\/2024\/12\/RESOLUCION-4196-24-RAM.pdf\" target=\"_blank\" rel=\"noopener\">Resoluci\u00f3n 4196\/24 y Anexos I,II y III (R\u00e9gimen Acad\u00e9mico Marco Superior)<\/a><\/h2>\n<h3 style=\"text-align: center;\"><a href=\"https:\/\/isfd186-bue.infd.edu.ar\/sitio\/informacion-para-profesores\/upload\/ANEXO_III.pdf\" target=\"_blank\" rel=\"noopener\">Anexo III<\/a>\u00a0 &#8211;\u00a0 <a href=\"https:\/\/isfd186-bue.infd.edu.ar\/sitio\/informacion-para-profesores\/upload\/DISPOSICION_30.pdf\" target=\"_blank\" rel=\"noopener\">Disposici\u00f3n 30\/05<\/a><\/h3>\n<\/div>\n<div class=\" aligncenter\" style=\"margin: 15px; padding: 10px; background-color: #e3e8e4; border: 1px solid;\">\n<h3 style=\"text-align: center;\">HORARIOS DE ATENCI\u00d3N DE PRECEPTORIA\u00a0<\/h3>\n<h3 style=\"text-align: center;\">Turno Ma\u00f1ana de 10 a 12 hs.<\/h3>\n<h3 style=\"text-align: center;\">Turno Tarde de 14 a 16 hs.<\/h3>\n<h3 style=\"text-align: center;\">Turno Noche de 18 a 20 hs.<\/h3>\n<h3 style=\"text-align: center;\">HORARIOS DE ATENCI\u00d3N DE SECRETARIA\u00a0<\/h3>\n<h3 style=\"text-align: center;\">Mi\u00e9rcoles de 18 a 20:30 hs.<\/h3>\n<h3 style=\"text-align: center;\">Lunes, martes, jueves y viernes de 14 a 16:30 hs.<\/h3>\n<\/div>\n<p><iframe class=\"fp-iframe\" style=\"border: 1px solid lightgray; width: 100%; height: 400px;\" src=\"https:\/\/heyzine.com\/flip-book\/556daf270f.html\" scrolling=\"no\" allowfullscreen=\"allowfullscreen\"><\/iframe><\/p>\n<div class=\" aligncenter\" style=\"margin: 15px; padding: 10px; background-color: #e3e8e4; border: 1px solid;\">\n<h1 style=\"text-align: center;\">Instituto Superior de Formaci\u00f3n Docente N\u00ba 186<\/h1>\n<h1 style=\"text-align: center;\"><em>Santa Teresita &#8211; Partido de La Costa<\/em><\/h1>\n<p><div id=\"metaslider-id-1085\" style=\"width: 100%; margin: 0 auto;\" class=\"ml-slider-3-33-0 metaslider metaslider-flex metaslider-1085 ml-slider ms-theme-default\" role=\"region\" aria-roledescription=\"Slideshow\" aria-label=\"Slideshow\">\n    <div id=\"metaslider_container_1085\">\n        <div id=\"metaslider_1085\" class=\"flexslider\">\n            <ul aria-live=\"polite\" class=\"slides\">\n                <li style=\"display: none; width: 100%;\" class=\"slide-1086 ms-image\" aria-roledescription=\"slide\" aria-label=\"slide-1086\"><img width=\"1024\" height=\"575\" src=\"https:\/\/isfd186-bue.infd.edu.ar\/sitio\/wp-content\/uploads\/2018\/09\/2018-05-30.jpg\" class=\"slider-1085 slide-1086\" alt=\"\" decoding=\"async\" loading=\"lazy\" rel=\"\" title=\"Ingreso desde Av. 41\" style=\"margin: 0 auto; width: 76.32298136646%\" srcset=\"https:\/\/isfd186-bue.infd.edu.ar\/sitio\/wp-content\/uploads\/2018\/09\/2018-05-30.jpg 1024w, https:\/\/isfd186-bue.infd.edu.ar\/sitio\/wp-content\/uploads\/2018\/09\/2018-05-30-1000x562.jpg 1000w, https:\/\/isfd186-bue.infd.edu.ar\/sitio\/wp-content\/uploads\/2018\/09\/2018-05-30-768x431.jpg 768w\" sizes=\"(max-width: 1024px) 100vw, 1024px\" \/><\/li>\n                <li style=\"display: none; width: 100%;\" class=\"slide-1087 ms-image\" aria-roledescription=\"slide\" aria-label=\"slide-1087\"><img width=\"500\" height=\"251\" src=\"https:\/\/isfd186-bue.infd.edu.ar\/sitio\/wp-content\/uploads\/2018\/08\/instituto186.jpg\" class=\"slider-1085 slide-1087\" alt=\"\" decoding=\"async\" loading=\"lazy\" rel=\"\" title=\"Ingreso desde Av. Costanera\" style=\"margin: 0 auto; width: 85.372794536141%\" \/><\/li>\n                <li style=\"display: none; width: 100%;\" class=\"slide-1088 ms-image\" aria-roledescription=\"slide\" aria-label=\"slide-1088\"><img width=\"1855\" height=\"937\" src=\"https:\/\/isfd186-bue.infd.edu.ar\/sitio\/wp-content\/uploads\/2018\/08\/Instituto_186_Santa_Teresita.png\" class=\"slider-1085 slide-1088\" alt=\"\" decoding=\"async\" loading=\"lazy\" rel=\"\" title=\"Instituto_186_Santa_Teresita\" style=\"margin: 0 auto; width: 84.845250800427%\" srcset=\"https:\/\/isfd186-bue.infd.edu.ar\/sitio\/wp-content\/uploads\/2018\/08\/Instituto_186_Santa_Teresita.png 1855w, https:\/\/isfd186-bue.infd.edu.ar\/sitio\/wp-content\/uploads\/2018\/08\/Instituto_186_Santa_Teresita-1000x505.png 1000w, https:\/\/isfd186-bue.infd.edu.ar\/sitio\/wp-content\/uploads\/2018\/08\/Instituto_186_Santa_Teresita-768x388.png 768w\" sizes=\"(max-width: 1855px) 100vw, 1855px\" \/><\/li>\n            <\/ul>\n        <\/div>\n        \n    <\/div>\n<\/div> Este Instituto Superior de Formaci\u00f3n Docente forma parte del sistema de educaci\u00f3n p\u00fablica de gesti\u00f3n estatal. A trav\u00e9s de este sitio en Internet, nuestro Instituto podr\u00e1 comunicar novedades, acercar informaci\u00f3n, compartir experiencias y brindar apoyo y asesoramiento a\u00a0alumnos, docentes e interesados en formar parte de esta comunidad educativa. Junto con varios cientos de Institutos, integramos la <strong><em>Red\u00a0Virtual de Institutos Superiores de Formaci\u00f3n Docente<\/em><\/strong>\u00a0coordinada por el <strong>INFD<\/strong> (Instituto Nacional de Formaci\u00f3n Docente) dependiente del Ministerio de Educaci\u00f3n de la Naci\u00f3n Argentina.<\/div>\n","protected":false},"excerpt":{"rendered":"<p>MATRICULACION Se comunica a quienes tuvieron inconveniente con la matriculaci\u00f3n a las unidades curriculares 2026 que deber\u00e1n presentarse en preceptor\u00eda para regularizarla. Una vez realizada deben imprimir la planilla, firmarla al pie y entregarla en preceptoria dentro del horario de ateci\u00f3n. LINK DE ACCESO: https:\/\/isfd186.edu.ar\/who.is CONCURSOS DE CATEDRAS 2026 RECTIFICATORIA &#8211; 1\u00b0 CONVOCATORIA CONCURSO DE &#8230; <a title=\"Inicio\" class=\"read-more\" href=\"https:\/\/isfd186-bue.infd.edu.ar\/sitio\/\" aria-label=\"More on Inicio\">[+]<\/a><\/p>\n","protected":false},"author":1,"featured_media":0,"parent":298,"menu_order":0,"comment_status":"closed","ping_status":"closed","template":"","meta":[],"acf":[],"_links":{"self":[{"href":"https:\/\/isfd186-bue.infd.edu.ar\/sitio\/wp-json\/wp\/v2\/pages\/286"}],"collection":[{"href":"https:\/\/isfd186-bue.infd.edu.ar\/sitio\/wp-json\/wp\/v2\/pages"}],"about":[{"href":"https:\/\/isfd186-bue.infd.edu.ar\/sitio\/wp-json\/wp\/v2\/types\/page"}],"author":[{"embeddable":true,"href":"https:\/\/isfd186-bue.infd.edu.ar\/sitio\/wp-json\/wp\/v2\/users\/1"}],"replies":[{"embeddable":true,"href":"https:\/\/isfd186-bue.infd.edu.ar\/sitio\/wp-json\/wp\/v2\/comments?post=286"}],"version-history":[{"count":4216,"href":"https:\/\/isfd186-bue.infd.edu.ar\/sitio\/wp-json\/wp\/v2\/pages\/286\/revisions"}],"predecessor-version":[{"id":9376,"href":"https:\/\/isfd186-bue.infd.edu.ar\/sitio\/wp-json\/wp\/v2\/pages\/286\/revisions\/9376"}],"up":[{"embeddable":true,"href":"https:\/\/isfd186-bue.infd.edu.ar\/sitio\/wp-json\/wp\/v2\/pages\/298"}],"wp:attachment":[{"href":"https:\/\/isfd186-bue.infd.edu.ar\/sitio\/wp-json\/wp\/v2\/media?parent=286"}],"curies":[{"name":"wp","href":"https:\/\/api.w.org\/{rel}","templated":true}]}}