{"id":2846,"date":"2020-12-04T13:19:17","date_gmt":"2020-12-04T16:19:17","guid":{"rendered":"https:\/\/isfd186-bue.infd.edu.ar\/sitio\/?page_id=2846"},"modified":"2021-03-04T20:37:52","modified_gmt":"2021-03-04T23:37:52","slug":"preinscripcion-ciclo-lectivo-2021","status":"publish","type":"page","link":"https:\/\/isfd186-bue.infd.edu.ar\/sitio\/preinscripcion-ciclo-lectivo-2021\/","title":{"rendered":"PREINSCRIPCI\u00d3N CICLO LECTIVO 2021 FEBRERO"},"content":{"rendered":"<p><span lang=\"es-ES\"><i><b>DOCUMENTACI\u00d3N NECESARIA PARA PRESENTAR EN FORMATO DIGITAL<\/b><\/i><\/span><\/p>\n<p><strong><span lang=\"es-ES\"><u>IMPORTANTE:<\/u><\/span><\/strong><span lang=\"es-ES\">\u00a0solo se aceptar\u00e1 la documentaci\u00f3n escaneada en archivo\u00a0<\/span><span lang=\"es-ES\"><u><b>PDF (no fotograf\u00edas)<\/b><\/u><\/span><span lang=\"es-ES\"><u>,\u00a0<\/u><\/span><span lang=\"es-ES\"><u><b>sin excepci\u00f3n<\/b><\/u><\/span><\/p>\n<ul>\n<li><span lang=\"es-ES\">Planilla de inscripci\u00f3n (<a href=\"https:\/\/isfd186-bue.infd.edu.ar\/sitio\/wp-content\/uploads\/2020\/12\/A1.pdf\" target=\"_blank\" rel=\"attachment noopener wp-att-2828\">DESCARGAR PLANILLA<\/a>)<\/span><\/li>\n<li><span lang=\"es-ES\">Documento Nacional de Identidad<\/span><\/li>\n<li><span lang=\"es-ES\">Anal\u00edtico de estudios secundarios o Certificado de t\u00edtulo en tr\u00e1mite o Certificado de Alumno\/a Regular secundario<\/span><\/li>\n<\/ul>\n<p><span lang=\"es-ES\">Para escanear un documento pueden utilizar Camscanner, podr\u00e1n consultar este tutorial (alojado en\u00a0<\/span><u><a href=\"https:\/\/www.youtube.com\/watch?v=dGtVON2kZ8M&amp;ab_channel=MartinGerlero\"><span lang=\"es-ES\">YouTube<\/span><\/a><\/u><span lang=\"es-ES\">); y descargar la aplicaci\u00f3n desde el siguiente link\u00a0<\/span><u><span lang=\"es-ES\">(<a href=\"https:\/\/play.google.com\/store\/apps\/details?id=com.intsig.camscanner&amp;hl=es_AR&amp;gl=US\" target=\"_blank\" rel=\"noopener\">app Camscanner<\/a>)<\/span><\/u><\/p>\n<p><span lang=\"es-ES\"><i><b>DOCUMENTACI\u00d3N A PRESENTAR EN SEDE (fecha a confirmar)<\/b><\/i><\/span><\/p>\n<ul>\n<li><span lang=\"es-ES\">1 folio tama\u00f1o oficio<\/span><\/li>\n<li><span lang=\"es-ES\">Planilla de Inscripci\u00f3n<\/span><\/li>\n<li><span lang=\"es-ES\">Documento (original y fotocopia).<\/span><\/li>\n<li><span lang=\"es-ES\">Certificado de nacimiento (original y fotocopia)<\/span><\/li>\n<li><span lang=\"es-ES\">Anal\u00edtico de estudios secundarios (original y fotocopia) o Certificado de t\u00edtulo en tr\u00e1mite (original) o Certificado de Alumno\/a Regular secundario<\/span><\/li>\n<li><span lang=\"es-ES\">Certificado de Aptitud Psicof\u00edsica extendida por entidad p\u00fablica (Hospital o unidad sanitaria).<\/span><\/li>\n<li><span lang=\"es-ES\">3 Fotos 4 x 4<\/span><\/li>\n<li>Cooperadora se podr\u00e1 abonar a partir del mes de abril 2021<\/li>\n<\/ul>\n<p><span lang=\"es-ES\"><i><u><b>PREINSCRIPCI\u00d3N 2021<\/b><\/u><\/i><\/span><\/p>\n<p>La preinscripci\u00f3n a los Profesorados 2021 contin\u00faa el d\u00eda 12\/2\/2021 y cerrar\u00e1 a las 18 hs del d\u00eda 05\/3\/2021 o al momento de completar las vacantes disponibles. Esta informaci\u00f3n ser\u00e1 publicada oportunamente en la p\u00e1gina institucional.<\/p>\n<p><span lang=\"es-ES\"><i><u><b>PASOS PARA REALIZAR LA PREINSCRIPCI\u00d3N.<\/b><\/u><\/i><\/span><\/p>\n<p><span lang=\"es-ES\"><u><b>1er Paso<\/b><\/u><\/span><\/p>\n<p><span lang=\"es-ES\">Completar el formulario de preinscripci\u00f3n del profesorado que quiera inscribirse :\u00a0<\/span><\/p>\n<p>Matem\u00e1tica:\u00a0<em><strong>CUPO COMPLETO<\/strong><\/em><\/p>\n<p>Qu\u00edmica:\u00a0\u00a0<em><strong>CUPO COMPLETO<\/strong><\/em><\/p>\n<p><span lang=\"es-ES\">Para ello necesitar\u00e1n una cuenta de correo de gmail. Si no tienen una deber\u00e1n abrirla, pueden ayudarse con el siguiente\u00a0<\/span><u><a href=\"https:\/\/support.google.com\/accounts\/answer\/27441?hl=es-419\"><span lang=\"es-ES\">tutorial<\/span><\/a><\/u><span lang=\"es-ES\">. <\/span><\/p>\n<p><span lang=\"es-ES\"><strong>TENER EN CUENTA<\/strong>\u00a0, que con un correo se realiza solo una inscripci\u00f3n. Se sobrescriben las respuestas si realizan dos inscripciones y figura solo la \u00faltima\u00a0<\/span><\/p>\n<p><span lang=\"es-ES\"><u><b>2do Paso<\/b><\/u><\/span><\/p>\n<p><span lang=\"es-ES\">Enviar la documentaci\u00f3n solicitada en formato digital\u00a0<\/span>al correo\u00a0<a href=\"mailto:inscripciones.isfd186@gmail.com\">inscripciones.isfd186@gmail.com<\/a><\/p>\n<p><span lang=\"es-ES\">Recordar que continuamos en contexto de DISPO, no deben concurrir presencialmente al instituto.<\/span><\/p>\n<p><u><span lang=\"es-ES\"><b>IMPORTANTE<\/b><\/span><\/u><b><\/b><\/p>\n<ul>\n<li><span lang=\"es-ES\">Solo se aceptar\u00e1 la documentaci\u00f3n escaneada en\u00a0<\/span><span lang=\"es-ES\"><b>archivo PDF, no se aceptar\u00e1n fotograf\u00edas<\/b><\/span><span lang=\"es-ES\">, sin excepci\u00f3n<\/span><\/li>\n<li><span lang=\"es-ES\">En el asunto del mensaje deben poner\u00a0<\/span><span lang=\"es-ES\"><i><b>Preinscripci\u00f3n \u201dnombre del profesorado\u201d<\/b><\/i><\/span><span lang=\"es-ES\">.<\/span><\/li>\n<\/ul>\n<p><span lang=\"es-ES\">Ejemplos:<\/span><b>\u00a0<\/b><\/p>\n<p><span lang=\"es-ES\">Preinscripci\u00f3n\u00a0<\/span><span lang=\"es-ES\">Matem\u00e1tica<\/span><\/p>\n<p><span lang=\"es-ES\">Preinscripci\u00f3n\u00a0<\/span><span lang=\"es-ES\">Qu\u00edmica<\/span><\/p>\n<ul>\n<li><span lang=\"es-ES\">Recibir\u00e1n la confirmaci\u00f3n del\u00a0<\/span><span lang=\"es-ES\">mensaje<\/span><span lang=\"es-ES\">\u00a0recibido (revisar la carpeta de SPAM o CORREO NO DESEADO).<\/span><\/li>\n<\/ul>\n<p><span lang=\"es-ES\"><u><b>3er. Paso<\/b><\/u><\/span><\/p>\n<p><span lang=\"es-ES\">Una vez que est\u00e1n confirmados los ingresantes, deben reunir la documentaci\u00f3n a presentar en sede:<\/span><\/p>\n<ul>\n<li><span lang=\"es-ES\">1 folio tama\u00f1o oficio<\/span><\/li>\n<li><span lang=\"es-ES\">Documento (original y fotocopia).<\/span><\/li>\n<li><span lang=\"es-ES\">Certificado de nacimiento (original y fotocopia)<\/span><\/li>\n<li><span lang=\"es-ES\">Anal\u00edtico de estudios secundarios (original y fotocopia) o Certificado de t\u00edtulo en tr\u00e1mite (original) o Certificado de Alumno\/a Regular secundario.<\/span><\/li>\n<li><span lang=\"es-ES\">Certificado de Aptitud Psicof\u00edsica extendida por entidad p\u00fablica (Hospital o unidad sanitaria).<\/span><\/li>\n<li><span lang=\"es-ES\">3 Fotos 4 x 4<\/span><\/li>\n<li><span lang=\"es-ES\">Ficha de Inscripci\u00f3n completada.<\/span><\/li>\n<li><\/li>\n<\/ul>\n<p><span lang=\"es-ES\">Tengan reservada toda esa documentaci\u00f3n y aguarden que la instituci\u00f3n publique en el sitio web oficial en qu\u00e9 fecha y horarios se entregar\u00e1n. NO CONCURRAN A LA INSTITUCION, SEGUIMOS EN CONTEXTO DE DISPO<\/span><\/p>\n<p><span lang=\"es-ES\"><u><b>Curso de Ingreso:<\/b><\/u><\/span><\/p>\n<p><span lang=\"es-ES\">El curso de ingreso es\u00a0<\/span><span lang=\"es-ES\"><b>obligatorio<\/b><\/span><span lang=\"es-ES\">\u00a0y comenzar\u00e1 en fecha a confirmar en marzo de 2021.<\/span><\/p>\n","protected":false},"excerpt":{"rendered":"<p>DOCUMENTACI\u00d3N NECESARIA PARA PRESENTAR EN FORMATO DIGITAL IMPORTANTE:\u00a0solo se aceptar\u00e1 la documentaci\u00f3n escaneada en archivo\u00a0PDF (no fotograf\u00edas),\u00a0sin excepci\u00f3n Planilla de inscripci\u00f3n (DESCARGAR PLANILLA) Documento Nacional de Identidad Anal\u00edtico de estudios secundarios o Certificado de t\u00edtulo en tr\u00e1mite o Certificado de Alumno\/a Regular secundario Para escanear un documento pueden utilizar Camscanner, podr\u00e1n consultar este tutorial (alojado &#8230; <a title=\"PREINSCRIPCI\u00d3N CICLO LECTIVO 2021 FEBRERO\" class=\"read-more\" href=\"https:\/\/isfd186-bue.infd.edu.ar\/sitio\/preinscripcion-ciclo-lectivo-2021\/\" aria-label=\"More on PREINSCRIPCI\u00d3N CICLO LECTIVO 2021 FEBRERO\">[+]<\/a><\/p>\n","protected":false},"author":622,"featured_media":0,"parent":0,"menu_order":0,"comment_status":"closed","ping_status":"closed","template":"","meta":[],"acf":[],"_links":{"self":[{"href":"https:\/\/isfd186-bue.infd.edu.ar\/sitio\/wp-json\/wp\/v2\/pages\/2846"}],"collection":[{"href":"https:\/\/isfd186-bue.infd.edu.ar\/sitio\/wp-json\/wp\/v2\/pages"}],"about":[{"href":"https:\/\/isfd186-bue.infd.edu.ar\/sitio\/wp-json\/wp\/v2\/types\/page"}],"author":[{"embeddable":true,"href":"https:\/\/isfd186-bue.infd.edu.ar\/sitio\/wp-json\/wp\/v2\/users\/622"}],"replies":[{"embeddable":true,"href":"https:\/\/isfd186-bue.infd.edu.ar\/sitio\/wp-json\/wp\/v2\/comments?post=2846"}],"version-history":[{"count":12,"href":"https:\/\/isfd186-bue.infd.edu.ar\/sitio\/wp-json\/wp\/v2\/pages\/2846\/revisions"}],"predecessor-version":[{"id":2939,"href":"https:\/\/isfd186-bue.infd.edu.ar\/sitio\/wp-json\/wp\/v2\/pages\/2846\/revisions\/2939"}],"wp:attachment":[{"href":"https:\/\/isfd186-bue.infd.edu.ar\/sitio\/wp-json\/wp\/v2\/media?parent=2846"}],"curies":[{"name":"wp","href":"https:\/\/api.w.org\/{rel}","templated":true}]}}