{"id":2007,"date":"2019-10-30T15:41:36","date_gmt":"2019-10-30T18:41:36","guid":{"rendered":"https:\/\/isfd186-bue.infd.edu.ar\/sitio\/?page_id=2007"},"modified":"2025-07-17T09:07:41","modified_gmt":"2025-07-17T12:07:41","slug":"programas","status":"publish","type":"page","link":"https:\/\/isfd186-bue.infd.edu.ar\/sitio\/programas\/","title":{"rendered":"Programas"},"content":{"rendered":"\n<p>Estudiante si necesita un programa de c\u00e1tedra solicitelo en secretaria detro del horario de atenci\u00f3n (se encuentra publicada en la p\u00e1gina web institucional <a rel=\"noreferrer noopener\" href=\"https:\/\/isfd186-bue.infd.edu.ar\/sitio\/\" target=\"_blank\">https:\/\/isfd186-bue.infd.edu.ar\/sitio\/<\/a>). Presente una nota en formato papel detallando profesorado, a\u00f1o de cursada y nombre de la c\u00e1tedra del programa. <\/p>\n","protected":false},"excerpt":{"rendered":"<p>Estudiante si necesita un programa de c\u00e1tedra solicitelo en secretaria detro del horario de atenci\u00f3n (se encuentra publicada en la p\u00e1gina web institucional https:\/\/isfd186-bue.infd.edu.ar\/sitio\/). Presente una nota en formato papel detallando profesorado, a\u00f1o de cursada y nombre de la c\u00e1tedra del programa.<\/p>\n","protected":false},"author":195,"featured_media":0,"parent":0,"menu_order":0,"comment_status":"closed","ping_status":"closed","template":"","meta":[],"acf":[],"_links":{"self":[{"href":"https:\/\/isfd186-bue.infd.edu.ar\/sitio\/wp-json\/wp\/v2\/pages\/2007"}],"collection":[{"href":"https:\/\/isfd186-bue.infd.edu.ar\/sitio\/wp-json\/wp\/v2\/pages"}],"about":[{"href":"https:\/\/isfd186-bue.infd.edu.ar\/sitio\/wp-json\/wp\/v2\/types\/page"}],"author":[{"embeddable":true,"href":"https:\/\/isfd186-bue.infd.edu.ar\/sitio\/wp-json\/wp\/v2\/users\/195"}],"replies":[{"embeddable":true,"href":"https:\/\/isfd186-bue.infd.edu.ar\/sitio\/wp-json\/wp\/v2\/comments?post=2007"}],"version-history":[{"count":24,"href":"https:\/\/isfd186-bue.infd.edu.ar\/sitio\/wp-json\/wp\/v2\/pages\/2007\/revisions"}],"predecessor-version":[{"id":9146,"href":"https:\/\/isfd186-bue.infd.edu.ar\/sitio\/wp-json\/wp\/v2\/pages\/2007\/revisions\/9146"}],"wp:attachment":[{"href":"https:\/\/isfd186-bue.infd.edu.ar\/sitio\/wp-json\/wp\/v2\/media?parent=2007"}],"curies":[{"name":"wp","href":"https:\/\/api.w.org\/{rel}","templated":true}]}}